{"id":82590,"date":"2018-11-12T16:38:27","date_gmt":"2018-11-12T15:38:27","guid":{"rendered":"https:\/\/village-flottant-pressac.com\/actualites\/"},"modified":"2025-12-08T11:36:53","modified_gmt":"2025-12-08T10:36:53","slug":"actualites","status":"publish","type":"page","link":"https:\/\/village-flottant-pressac.com\/es\/actualites\/","title":{"rendered":"Actualit\u00e9s"},"content":{"rendered":"<p>[et_pb_section fb_built=\u00bb1&#8243; fullwidth=\u00bbon\u00bb _builder_version=\u00bb4.16&#8243; global_colors_info=\u00bb{}\u00bb][et_pb_fullwidth_slider show_arrows=\u00bboff\u00bb _builder_version=\u00bb4.16&#8243; global_colors_info=\u00bb{}\u00bb][et_pb_slide use_bg_overlay=\u00bboff\u00bb use_text_overlay=\u00bboff\u00bb admin_title=\u00bbSLIDE1&#8243; _builder_version=\u00bb4.16&#8243; header_font=\u00bbNews Cycle||||||||\u00bb header_text_align=\u00bbcenter\u00bb header_text_color=\u00bb#ffffff\u00bb background_color=\u00bb#ffffff\u00bb background_image=\u00bbhttps:\/\/village-flottant-pressac.com\/wp-content\/uploads\/2019\/01\/FBDSC_0440.jpg\u00bb button_on_hover=\u00bbon\u00bb custom_padding=\u00bb200px||200px||true\u00bb custom_padding_tablet=\u00bb200px||200px||true\u00bb custom_padding_phone=\u00bb200px||200px||true\u00bb header_text_shadow_style=\u00bbpreset1&#8243; header_text_shadow_blur_strength=\u00bb2em\u00bb header_text_shadow_color=\u00bb#1e6262&#8243; global_colors_info=\u00bb{}\u00bb sticky_transition=\u00bbon\u00bb][\/et_pb_slide][\/et_pb_fullwidth_slider][\/et_pb_section][et_pb_section fb_built=\u00bb1&#8243; disabled_on=\u00bboff|off|off\u00bb _builder_version=\u00bb4.16&#8243; background_color=\u00bbrgba(0,0,0,0)\u00bb custom_margin=\u00bb||\u00bb custom_padding=\u00bb1px||1px||true|true\u00bb custom_css_main_element=\u00bb    z-index: 10000;||\u00bb global_colors_info=\u00bb{}\u00bb][et_pb_row _builder_version=\u00bb4.16&#8243; background_color=\u00bbrgba(30,98,99,0.8)\u00bb max_width=\u00bb300px\u00bb module_alignment=\u00bbright\u00bb custom_margin=\u00bb-250px||153px|\u00bb custom_margin_tablet=\u00bb\u00bb custom_margin_phone=\u00bb-250px||\u00bb custom_margin_last_edited=\u00bbon|phone\u00bb custom_padding=\u00bb2px||2px||true|false\u00bb use_custom_width=\u00bbon\u00bb custom_width_px=\u00bb300px\u00bb locked=\u00bboff\u00bb global_colors_info=\u00bb{}\u00bb][et_pb_column type=\u00bb4_4&#8243; _builder_version=\u00bb4.16&#8243; custom_padding=\u00bb|||\u00bb global_colors_info=\u00bb{}\u00bb custom_padding__hover=\u00bb|||\u00bb][et_pb_text _builder_version=\u00bb4.16&#8243; text_font=\u00bb||||||||\u00bb text_text_color=\u00bb#ffffff\u00bb text_font_size=\u00bb26px\u00bb header_font=\u00bbNews Cycle||||||||\u00bb header_text_color=\u00bb#ffffff\u00bb header_font_size=\u00bb23px\u00bb text_orientation=\u00bbcenter\u00bb custom_padding=\u00bb20px||10px||false\u00bb global_colors_info=\u00bb{}\u00bb]<\/p>\n<h1>ACTUALIT\u00c9S<\/h1>\n<p>[\/et_pb_text][\/et_pb_column][\/et_pb_row][\/et_pb_section][et_pb_section fb_built=\u00bb1&#8243; disabled_on=\u00bboff|off|off\u00bb module_id=\u00bbform_gene\u00bb _builder_version=\u00bb4.7.4&#8243; background_color=\u00bbrgba(0,0,0,0)\u00bb custom_margin=\u00bb||\u00bb custom_padding=\u00bb1px||1px||true|true\u00bb z_index_tablet=\u00bb500&#8243; custom_css_main_element=\u00bb z-index: 100;||\u00bb global_module=\u00bb17514&#8243; saved_tabs=\u00bball\u00bb locked=\u00bboff\u00bb collapsed=\u00bboff\u00bb global_colors_info=\u00bb{}\u00bb][et_pb_row column_structure=\u00bb1_5,1_5,3_5&#8243; use_custom_gutter=\u00bbon\u00bb gutter_width=\u00bb1&#8243; disabled_on=\u00bbon|on|on\u00bb module_class=\u00bbform_nova\u00bb _builder_version=\u00bb4.16&#8243; background_color=\u00bb#ffffff\u00bb custom_margin=\u00bb-85px||||false|false\u00bb custom_padding=\u00bb20px|20px|20px|20px|true|true\u00bb disabled=\u00bbon\u00bb collapsed=\u00bbon\u00bb global_colors_info=\u00bb{}\u00bb][et_pb_column type=\u00bb1_5&#8243; _builder_version=\u00bb4.16&#8243; custom_padding=\u00bb|0px||\u00bb custom_css_main_element=\u00bbwidth:15% !important;\u00bb global_colors_info=\u00bb{}\u00bb custom_padding__hover=\u00bb|||\u00bb][et_pb_text _builder_version=\u00bb4.16&#8243; text_text_color=\u00bb#39a09b\u00bb global_colors_info=\u00bb{}\u00bb]<\/p>\n<p>Je cherche :<\/p>\n<p>[\/et_pb_text][\/et_pb_column][et_pb_column type=\u00bb1_5&#8243; _builder_version=\u00bb4.16&#8243; custom_padding=\u00bb|0px||\u00bb custom_css_main_element=\u00bbwidth:30%!important;\u00bb global_colors_info=\u00bb{}\u00bb custom_padding__hover=\u00bb|||\u00bb][et_pb_code module_id=\u00bbform_general_tous\u00bb module_class=\u00bbcode_form_general_novaresa \u00bb _builder_version=\u00bb4.16&#8243; global_colors_info=\u00bb{}\u00bb]<\/p>\n<div class=\"select-form-general\"><!-- [et_pb_line_break_holder] --><select id=\"select\" class=\"design_select_form_novaresa\"><!-- [et_pb_line_break_holder] --><option id=\"1\" name=\"tous\" value=\"tous\">Tous<\/option><!-- [et_pb_line_break_holder] --><option id=\"2\" name=\"lodges\" value=\"lodges\">Lodges<\/option><!-- [et_pb_line_break_holder] --><option id=\"3\" name=\"cabanes duo\" value=\"cabanes duo\">Cabanes DUO (2-3 pers. max)<\/option><!-- [et_pb_line_break_holder] --><option id=\"4\" name=\"cabanes familiales\" value=\"cabanes familiales\">Cabanes FAMILIALES (4 pers. min)<\/option><!-- [et_pb_line_break_holder] --><option id=\"5\" name=\"tentes safaris\" value=\"tentes safaris\">Tentes Safari<\/option><!-- [et_pb_line_break_holder] -->  <\/select><!-- [et_pb_line_break_holder] --><\/div>\n<p>[\/et_pb_code][\/et_pb_column][et_pb_column type=\u00bb3_5&#8243; _builder_version=\u00bb4.16&#8243; custom_padding=\u00bb|||\u00bb custom_css_main_element=\u00bbwidth:55%!important;\u00bb global_colors_info=\u00bb{}\u00bb custom_padding__hover=\u00bb|||\u00bb][et_pb_code module_id=\u00bbformtous\u00bb module_class=\u00bbcode_form_general_novaresa\u00bb _builder_version=\u00bb4.16&#8243; global_colors_info=\u00bb{}\u00bb]<\/p>\n<form id=\"form1\" class=\"form_general_novaresa\" method=\"get\" action=\"https:\/\/village-flottant-pressac.com\/reservation\/\"><!-- [et_pb_line_break_holder] -->  <input placeholder=\"Arriv\u00e9e\" type=\"text\" class=\"design_form_novaresa picto_reservation date\" id=\"from\"name=\"date_from\" required=\"Mettre la date d'arriv\u00e9e\"\/><!-- [et_pb_line_break_holder] -->  <input placeholder=\"D\u00e9part\" type=\"text\" class=\"design_form_novaresa picto_reservation date\" id=\"to\" name=\"date_to\" required=\"Mettre la date de d\u00e9part\"\/><!-- [et_pb_line_break_holder] -->   <input class=\"button_submit design_form_button_novaresa\" type=\"submit\" value=\"Rechercher\" \/><!-- [et_pb_line_break_holder] --><\/form>\n<p>[\/et_pb_code][et_pb_code module_id=\u00bbformlodge\u00bb module_class=\u00bbcode_form_general_novaresa\u00bb _builder_version=\u00bb4.16&#8243; global_colors_info=\u00bb{}\u00bb]<\/p>\n<form id=\"form2\" class=\"form_general_novaresa\" method=\"get\" action=\"https:\/\/village-flottant-pressac.com\/reservation-lodges\/\"><!-- [et_pb_line_break_holder] -->  <input placeholder=\"Arriv\u00e9e\" type=\"text\" class=\"design_form_novaresa picto_reservation date\" id=\"fromcab\" name=\"date_from\" required=\"Mettre la date d'arriv\u00e9e\"\/><!-- [et_pb_line_break_holder] -->  <input placeholder=\"D\u00e9part\" type=\"text\" class=\"design_form_novaresa picto_reservation date\" id=\"tocab\" name=\"date_to\" required=\"Mettre la date de d\u00e9part\"\/><!-- [et_pb_line_break_holder] -->  <input class=\"button_submit design_form_button_novaresa\" type=\"submit\" value=\"Rechercher\" \/><!-- [et_pb_line_break_holder] --><\/form>\n<p>[\/et_pb_code][et_pb_code module_id=\u00bbformcab\u00bb module_class=\u00bbcode_form_general_novaresa\u00bb _builder_version=\u00bb4.16&#8243; global_colors_info=\u00bb{}\u00bb]<\/p>\n<form id=\"form3\" class=\"form_general_novaresa\" method=\"get\" action=\"https:\/\/village-flottant-pressac.com\/reservation-cabanes-duo\/\"><!-- [et_pb_line_break_holder] -->  <input placeholder=\"Arriv\u00e9e\" type=\"text\" class=\"design_form_novaresa picto_reservation date\" id=\"fromlodge\" name=\"date_from\" required=\"Mettre la date d'arriv\u00e9e\"\/><!-- [et_pb_line_break_holder] -->  <input placeholder=\"D\u00e9part\" type=\"text\" class=\"design_form_novaresa picto_reservation date\" id=\"tocabane\" name=\"date_to\" required=\"Mettre la date de d\u00e9part\"\/><!-- [et_pb_line_break_holder] -->  <input class=\"button_submit design_form_button_novaresa\" type=\"submit\" value=\"Rechercher\" \/><!-- [et_pb_line_break_holder] --><\/form>\n<p>[\/et_pb_code][et_pb_code module_id=\u00bbformfam\u00bb module_class=\u00bbcode_form_general_novaresa\u00bb _builder_version=\u00bb4.16&#8243; global_colors_info=\u00bb{}\u00bb]<\/p>\n<form id=\"form4\" class=\"form_general_novaresa\" method=\"get\" action=\"https:\/\/village-flottant-pressac.com\/reservation-cabanes-familiales\/\"><!-- [et_pb_line_break_holder] -->  <input placeholder=\"Arriv\u00e9e\" type=\"text\" class=\"design_form_novaresa picto_reservation date\" id=\"fromfamiliales\" name=\"date_from\" required=\"Mettre la date d'arriv\u00e9e\"\/><!-- [et_pb_line_break_holder] -->  <input placeholder=\"D\u00e9part\" type=\"text\" class=\"design_form_novaresa picto_reservation date\" id=\"tofamiliales\" name=\"date_to\" required=\"Mettre la date de d\u00e9part\"\/><!-- [et_pb_line_break_holder] -->  <input class=\"button_submit design_form_button_novaresa\" type=\"submit\" value=\"Rechercher\" \/><!-- [et_pb_line_break_holder] --><\/form>\n<p>[\/et_pb_code][et_pb_code disabled_on=\u00bboff|off|off\u00bb module_id=\u00bbformtente\u00bb module_class=\u00bbcode_form_general_novaresa\u00bb _builder_version=\u00bb4.16&#8243; global_colors_info=\u00bb{}\u00bb]<\/p>\n<form id=\"form5\" class=\"form_general_novaresa\" method=\"get\" action=\"https:\/\/village-flottant-pressac.com\/reservation-tentes\"><!-- [et_pb_line_break_holder] -->  <input placeholder=\"Arriv\u00e9e\" type=\"text\" class=\"design_form_novaresa picto_reservation date\" id=\"fromtente\" name=\"date_from\" required=\"Mettre la date d'arriv\u00e9e\"\/><!-- [et_pb_line_break_holder] -->  <input placeholder=\"D\u00e9part\" type=\"text\" class=\"design_form_novaresa picto_reservation date\" id=\"totente\" name=\"date_to\" required=\"Mettre la date de d\u00e9part\"\/><!-- [et_pb_line_break_holder] -->  <input class=\"button_submit design_form_button_novaresa\" type=\"submit\" value=\"Rechercher\" \/><!-- [et_pb_line_break_holder] --><\/form>\n<p>[\/et_pb_code][\/et_pb_column][\/et_pb_row][et_pb_row use_custom_gutter=\u00bbon\u00bb gutter_width=\u00bb1&#8243; disabled_on=\u00bboff|off|off\u00bb module_class=\u00bbform_nova\u00bb _builder_version=\u00bb4.17.3&#8243; background_color=\u00bb#ffffff\u00bb width=\u00bb100%\u00bb module_alignment=\u00bbcenter\u00bb custom_margin=\u00bb-45px||||false|false\u00bb custom_padding=\u00bb20px|20px|20px|20px|true|true\u00bb sticky_position=\u00bbbottom\u00bb sticky_limit_top=\u00bbbody\u00bb global_colors_info=\u00bb{}\u00bb][et_pb_column type=\u00bb4_4&#8243; _builder_version=\u00bb4.16&#8243; custom_padding=\u00bb|0px||\u00bb global_colors_info=\u00bb{}\u00bb custom_padding__hover=\u00bb|||\u00bb][et_pb_button button_url=\u00bbhttps:\/\/www.sandaya.fr\/nos-campings\/village-flottant-de-pressac\/nos-locations#menu\u00bb url_new_window=\u00bbon\u00bb button_text=\u00bbR\u00e9servez votre s\u00e9jour au Village Flottant de Pressac\u00bb button_alignment=\u00bbcenter\u00bb disabled_on=\u00bboff|off|off\u00bb admin_label=\u00bbBouton RESERVATION\u00bb _builder_version=\u00bb4.17.3&#8243; _module_preset=\u00bbdefault\u00bb global_colors_info=\u00bb{}\u00bb][\/et_pb_button][et_pb_button button_url=\u00bbtel:0586160225&#8243; button_text=\u00bbR\u00e9server par t\u00e9l\u00e9phone au 05 86 16 02 25&#8243; button_alignment=\u00bbcenter\u00bb disabled_on=\u00bbon|on|on\u00bb _builder_version=\u00bb4.17.3&#8243; _module_preset=\u00bbdefault\u00bb disabled=\u00bbon\u00bb global_colors_info=\u00bb{}\u00bb][\/et_pb_button][\/et_pb_column][\/et_pb_row][\/et_pb_section][et_pb_section fb_built=\u00bb1&#8243; disabled_on=\u00bbon|on|on\u00bb _builder_version=\u00bb4.16&#8243; custom_margin=\u00bb||\u00bb custom_padding=\u00bb1px||1px||true|true\u00bb custom_css_main_element=\u00bb    z-index: 10000;||\u00bb disabled=\u00bbon\u00bb locked=\u00bboff\u00bb global_colors_info=\u00bb{}\u00bb][et_pb_row _builder_version=\u00bb4.16&#8243; background_color=\u00bbrgba(30,98,99,0.8)\u00bb max_width=\u00bb300px\u00bb module_alignment=\u00bbright\u00bb custom_margin=\u00bb-250px||153px|\u00bb custom_margin_tablet=\u00bb\u00bb custom_margin_phone=\u00bb-250px||\u00bb custom_margin_last_edited=\u00bbon|phone\u00bb custom_padding=\u00bb2px||2px||true|false\u00bb use_custom_width=\u00bbon\u00bb custom_width_px=\u00bb300px\u00bb global_colors_info=\u00bb{}\u00bb][et_pb_column type=\u00bb4_4&#8243; _builder_version=\u00bb4.16&#8243; custom_padding=\u00bb|||\u00bb global_colors_info=\u00bb{}\u00bb custom_padding__hover=\u00bb|||\u00bb][et_pb_text _builder_version=\u00bb4.17.3&#8243; text_font=\u00bb||||||||\u00bb text_text_color=\u00bb#ffffff\u00bb text_font_size=\u00bb26px\u00bb header_font=\u00bbNews Cycle||||||||\u00bb header_text_color=\u00bb#ffffff\u00bb header_font_size=\u00bb23px\u00bb text_orientation=\u00bbcenter\u00bb custom_padding=\u00bb20px||10px||false\u00bb global_colors_info=\u00bb{}\u00bb]<\/p>\n<h1>ACTUALIT\u00c9S<\/h1>\n<p>[\/et_pb_text][\/et_pb_column][\/et_pb_row][\/et_pb_section][et_pb_section fb_built=\u00bb1&#8243; _builder_version=\u00bb4.16&#8243; custom_padding=\u00bb30px|0px|30px|0px|true|false\u00bb global_colors_info=\u00bb{}\u00bb][et_pb_row _builder_version=\u00bb4.16&#8243; background_size=\u00bbinitial\u00bb background_position=\u00bbtop_left\u00bb background_repeat=\u00bbrepeat\u00bb global_colors_info=\u00bb{}\u00bb][et_pb_column type=\u00bb4_4&#8243; _builder_version=\u00bb4.16&#8243; custom_padding=\u00bb|||\u00bb global_colors_info=\u00bb{}\u00bb custom_padding__hover=\u00bb|||\u00bb][et_pb_image src=\u00bbhttps:\/\/village-flottant-pressac.com\/wp-content\/uploads\/2024\/12\/20241113_Plan_FLO_2025_Plan_interne-1.png\u00bb title_text=\u00bb20241113_Plan_FLO_2025_Plan_interne (1)\u00bb align_tablet=\u00bbcenter\u00bb align_phone=\u00bb\u00bb align_last_edited=\u00bbon|desktop\u00bb admin_label=\u00bbPLAN VILLAGE\u00bb _builder_version=\u00bb4.17.3&#8243; hover_enabled=\u00bb0&#8243; global_colors_info=\u00bb{}\u00bb sticky_enabled=\u00bb0&#8243;]<br \/>\n[\/et_pb_image][\/et_pb_column][\/et_pb_row][\/et_pb_section][et_pb_section fb_built=\u00bb1&#8243; _builder_version=\u00bb3.19.3&#8243; custom_padding=\u00bb30px|0px|30px|0px|false|false\u00bb global_module=\u00bb3616&#8243; global_colors_info=\u00bb{}\u00bb][et_pb_row _builder_version=\u00bb4.16&#8243; background_size=\u00bbinitial\u00bb background_position=\u00bbtop_left\u00bb background_repeat=\u00bbrepeat\u00bb custom_padding=\u00bb27px|0px|26px|0px|false|false\u00bb global_colors_info=\u00bb{}\u00bb][et_pb_column type=\u00bb4_4&#8243; _builder_version=\u00bb4.16&#8243; custom_padding=\u00bb|||\u00bb global_colors_info=\u00bb{}\u00bb custom_padding__hover=\u00bb|||\u00bb][et_pb_text admin_label=\u00bbTITRE &#8211; LES OFFRES DU MOMENT\u00bb _builder_version=\u00bb4.16&#8243; header_font=\u00bb||||||||\u00bb header_2_font=\u00bb|||on|||||\u00bb header_2_text_align=\u00bbcenter\u00bb header_2_text_color=\u00bb#1e6262&#8243; header_2_font_size=\u00bb28px\u00bb header_2_letter_spacing=\u00bb2px\u00bb global_colors_info=\u00bb{}\u00bb]<\/p>\n<h2 class=\"p1\">LES OFFRES DU MOMENT<\/h2>\n<p>[\/et_pb_text][\/et_pb_column][\/et_pb_row][et_pb_row _builder_version=\u00bb4.16&#8243; background_size=\u00bbinitial\u00bb background_position=\u00bbtop_left\u00bb background_repeat=\u00bbrepeat\u00bb global_colors_info=\u00bb{}\u00bb][et_pb_column type=\u00bb4_4&#8243; _builder_version=\u00bb4.16&#8243; custom_padding=\u00bb|||\u00bb global_colors_info=\u00bb{}\u00bb custom_padding__hover=\u00bb|||\u00bb][et_pb_code _builder_version=\u00bb4.16&#8243; global_colors_info=\u00bb{}\u00bb]<!-- The Grid Plugin Version 2.8.1 --><div class=\"tg-error-msg\" data-grid-name=\"Offres du moment\">No post was found with your current grid settings.&#xa;You should verify if you have posts inside the current selected post type(s) and if the meta key filter is not too much restrictive.<\/div>[\/et_pb_code][\/et_pb_column][\/et_pb_row][\/et_pb_section][et_pb_section fb_built=\u00bb1&#8243; _builder_version=\u00bb4.16&#8243; background_color=\u00bb#f7f7f7&#8243; custom_padding=\u00bb30px|0px|30px|0px|true|false\u00bb global_colors_info=\u00bb{}\u00bb][et_pb_row _builder_version=\u00bb4.16&#8243; background_size=\u00bbinitial\u00bb background_position=\u00bbtop_left\u00bb background_repeat=\u00bbrepeat\u00bb custom_padding=\u00bb27px|0px|26px|0px|false|false\u00bb global_colors_info=\u00bb{}\u00bb][et_pb_column type=\u00bb4_4&#8243; _builder_version=\u00bb4.16&#8243; custom_padding=\u00bb|||\u00bb global_colors_info=\u00bb{}\u00bb custom_padding__hover=\u00bb|||\u00bb][et_pb_text admin_label=\u00bbTITRE &#8211; Pr\u00e9sentation Videos\u00bb _builder_version=\u00bb4.16&#8243; header_font=\u00bb||||||||\u00bb header_2_font=\u00bb|||on|||||\u00bb header_2_text_align=\u00bbcenter\u00bb header_2_text_color=\u00bb#1e6262&#8243; header_2_font_size=\u00bb28px\u00bb header_2_letter_spacing=\u00bb2px\u00bb global_colors_info=\u00bb{}\u00bb]<\/p>\n<h2 class=\"p1\">PRESENTATION VIDEOS<\/h2>\n<p>[\/et_pb_text][\/et_pb_column][\/et_pb_row][et_pb_row column_structure=\u00bb1_2,1_2&#8243; disabled_on=\u00bbon|on|on\u00bb _builder_version=\u00bb4.16&#8243; disabled=\u00bbon\u00bb global_colors_info=\u00bb{}\u00bb][et_pb_column type=\u00bb1_2&#8243; _builder_version=\u00bb4.16&#8243; custom_padding=\u00bb|||\u00bb global_colors_info=\u00bb{}\u00bb custom_padding__hover=\u00bb|||\u00bb][et_pb_video src=\u00bbhttps:\/\/www.youtube.com\/watch?v=2bNlVMFW2IA&#038;list=UUrcj6_GnxtbSN5NEK4A9Wnw&#038;index=4&#8243; image_src=\u00bb\/\/i.ytimg.com\/vi\/2bNlVMFW2IA\/hqdefault.jpg\u00bb play_icon_color=\u00bb#39a09b\u00bb _builder_version=\u00bb4.16&#8243; global_colors_info=\u00bb{}\u00bb]<br \/>\n[\/et_pb_video][et_pb_text _builder_version=\u00bb4.16&#8243; text_font=\u00bb||||||||\u00bb text_text_color=\u00bb#1e6263&#8243; global_colors_info=\u00bb{}\u00bb]<\/p>\n<p><strong>Retrouvez le Village Flottant de Pressac dans l\u2019\u00e9mission BOUGEZ VERT sur Ushua\u00efa TV\u00a0!<\/strong><\/p>\n<p>[\/et_pb_text][\/et_pb_column][et_pb_column type=\u00bb1_2&#8243; _builder_version=\u00bb4.16&#8243; custom_padding=\u00bb|||\u00bb global_colors_info=\u00bb{}\u00bb custom_padding__hover=\u00bb|||\u00bb][et_pb_video src=\u00bbhttps:\/\/www.youtube.com\/watch?v=fQbLs7nbYFk&#038;list=UUrcj6_GnxtbSN5NEK4A9Wnw&#038;index=5&#8243; image_src=\u00bb\/\/i.ytimg.com\/vi\/fQbLs7nbYFk\/hqdefault.jpg\u00bb play_icon_color=\u00bb#39a09b\u00bb _builder_version=\u00bb4.16&#8243; global_colors_info=\u00bb{}\u00bb]<br \/>\n[\/et_pb_video][et_pb_text _builder_version=\u00bb4.16&#8243; text_font=\u00bb||||||||\u00bb text_text_color=\u00bb#1e6263&#8243; global_colors_info=\u00bb{}\u00bb]<\/p>\n<p><strong>Retrouvez le Village Flottant de Pressac dans l\u2019\u00e9mission \u00ab\u00a0Tout Compte Fait\u00a0\u00bb sur France 2 !<\/strong><\/p>\n<p>[\/et_pb_text][\/et_pb_column][\/et_pb_row][et_pb_row column_structure=\u00bb1_2,1_2&#8243; _builder_version=\u00bb4.16&#8243; global_colors_info=\u00bb{}\u00bb][et_pb_column type=\u00bb1_2&#8243; _builder_version=\u00bb4.16&#8243; custom_padding=\u00bb|||\u00bb global_colors_info=\u00bb{}\u00bb custom_padding__hover=\u00bb|||\u00bb][et_pb_video src=\u00bbhttps:\/\/www.youtube.com\/watch?v=fcAT2EDgdTs&#038;index=3&#038;list=UUrcj6_GnxtbSN5NEK4A9Wnw\u00bb image_src=\u00bb\/\/i.ytimg.com\/vi\/fcAT2EDgdTs\/hqdefault.jpg\u00bb play_icon_color=\u00bb#39a09b\u00bb _builder_version=\u00bb4.16&#8243; global_colors_info=\u00bb{}\u00bb]<br \/>\n[\/et_pb_video][et_pb_text _builder_version=\u00bb4.16&#8243; text_font=\u00bb||||||||\u00bb text_text_color=\u00bb#1e6263&#8243; global_colors_info=\u00bb{}\u00bb]<\/p>\n<p><strong>Retrouvez le Village Flottant de Pressac dans l\u2019\u00e9mission AQUITAINE LIMOUSIN POITOU CHARENTES !<\/strong><\/p>\n<p>[\/et_pb_text][\/et_pb_column][et_pb_column type=\u00bb1_2&#8243; _builder_version=\u00bb4.16&#8243; custom_padding=\u00bb|||\u00bb global_colors_info=\u00bb{}\u00bb custom_padding__hover=\u00bb|||\u00bb][et_pb_video src=\u00bbhttps:\/\/www.youtube.com\/watch?v=cWAItP_xNok\u00bb image_src=\u00bb\/\/i.ytimg.com\/vi\/cWAItP_xNok\/hqdefault.jpg\u00bb play_icon_color=\u00bb#39a09b\u00bb thumbnail_overlay_color=\u00bbrgba(0,0,0,0.6)\u00bb _builder_version=\u00bb4.16&#8243; global_colors_info=\u00bb{}\u00bb]<br \/>\n[\/et_pb_video][et_pb_text _builder_version=\u00bb4.17.3&#8243; text_font=\u00bb||||||||\u00bb text_text_color=\u00bb#1e6263&#8243; global_colors_info=\u00bb{}\u00bb]<\/p>\n<p><strong>Une journ\u00e9e dynamique au Village Flottant de Pressac<\/strong><\/p>\n<p>[\/et_pb_text][\/et_pb_column][\/et_pb_row][\/et_pb_section]<\/p>\n","protected":false},"excerpt":{"rendered":"<p>ACTUALIT\u00c9S Je cherche :ACTUALIT\u00c9S LES OFFRES DU MOMENT<!-- The Grid Plugin Version 2.8.1 --><div class=\"tg-error-msg\" data-grid-name=\"Offres du moment\">No post was found with your current grid settings.&#xa;You should verify if you have posts inside the current selected post type(s) and if the meta key filter is not too much restrictive.<\/div>PRESENTATION VIDEOS Retrouvez le Village Flottant de Pressac dans l\u2019\u00e9mission BOUGEZ VERT sur Ushua\u00efa TV\u00a0! Retrouvez le Village Flottant de Pressac dans l\u2019\u00e9mission \u00ab\u00a0Tout Compte Fait\u00a0\u00bb sur France 2 ! Retrouvez le Village Flottant de Pressac dans l\u2019\u00e9mission AQUITAINE LIMOUSIN POITOU CHARENTES ! Une journ\u00e9e dynamique au Village Flottant de Pressac<\/p>\n","protected":false},"author":9,"featured_media":0,"parent":0,"menu_order":0,"comment_status":"closed","ping_status":"closed","template":"","meta":{"_acf_changed":false,"_et_pb_use_builder":"on","_et_pb_old_content":"","_et_gb_content_width":"","inline_featured_image":false,"footnotes":""},"class_list":["post-82590","page","type-page","status-publish","hentry"],"acf":[],"aioseo_notices":[],"_links":{"self":[{"href":"https:\/\/village-flottant-pressac.com\/es\/wp-json\/wp\/v2\/pages\/82590","targetHints":{"allow":["GET"]}}],"collection":[{"href":"https:\/\/village-flottant-pressac.com\/es\/wp-json\/wp\/v2\/pages"}],"about":[{"href":"https:\/\/village-flottant-pressac.com\/es\/wp-json\/wp\/v2\/types\/page"}],"author":[{"embeddable":true,"href":"https:\/\/village-flottant-pressac.com\/es\/wp-json\/wp\/v2\/users\/9"}],"replies":[{"embeddable":true,"href":"https:\/\/village-flottant-pressac.com\/es\/wp-json\/wp\/v2\/comments?post=82590"}],"version-history":[{"count":1,"href":"https:\/\/village-flottant-pressac.com\/es\/wp-json\/wp\/v2\/pages\/82590\/revisions"}],"predecessor-version":[{"id":82631,"href":"https:\/\/village-flottant-pressac.com\/es\/wp-json\/wp\/v2\/pages\/82590\/revisions\/82631"}],"wp:attachment":[{"href":"https:\/\/village-flottant-pressac.com\/es\/wp-json\/wp\/v2\/media?parent=82590"}],"curies":[{"name":"wp","href":"https:\/\/api.w.org\/{rel}","templated":true}]}}