{"id":75794,"date":"2018-11-27T10:09:16","date_gmt":"2018-11-27T09:09:16","guid":{"rendered":"https:\/\/village-flottant-pressac-com.jda2.creatiwity.net\/legal-notice\/"},"modified":"2021-08-20T16:38:00","modified_gmt":"2021-08-20T14:38:00","slug":"informacion-legal","status":"publish","type":"page","link":"https:\/\/village-flottant-pressac.com\/es\/informacion-legal\/","title":{"rendered":"Informaci\u00f3n legal"},"content":{"rendered":"<p>[et_pb_section fb_built=\u00bb1&#8243; fullwidth=\u00bbon\u00bb _builder_version=\u00bb3.22&#8243; global_colors_info=\u00bb{}\u00bb][et_pb_fullwidth_slider show_arrows=\u00bboff\u00bb _builder_version=\u00bb3.18.9&#8243; global_colors_info=\u00bb{}\u00bb][et_pb_slide use_bg_overlay=\u00bboff\u00bb use_text_overlay=\u00bboff\u00bb _builder_version=\u00bb3.18.9&#8243; background_color=\u00bb#ffffff\u00bb background_image=\u00bbhttps:\/\/village-flottant-pressac.com\/wp-content\/uploads\/2018\/12\/IMAG0503-1920&#215;950-1.jpg\u00bb button_on_hover=\u00bbon\u00bb custom_padding=\u00bb200px||200px||true\u00bb custom_padding_tablet=\u00bb200px||200px||true\u00bb custom_padding_phone=\u00bb200px||200px||true\u00bb global_colors_info=\u00bb{}\u00bb sticky_transition=\u00bbon\u00bb][\/et_pb_slide][\/et_pb_fullwidth_slider][\/et_pb_section][et_pb_section fb_built=\u00bb1&#8243; _builder_version=\u00bb3.22&#8243; global_colors_info=\u00bb{}\u00bb][et_pb_row _builder_version=\u00bb3.25&#8243; background_size=\u00bbinitial\u00bb background_position=\u00bbtop_left\u00bb background_repeat=\u00bbrepeat\u00bb global_colors_info=\u00bb{}\u00bb][et_pb_column type=\u00bb4_4&#8243; _builder_version=\u00bb3.25&#8243; custom_padding=\u00bb|||\u00bb global_colors_info=\u00bb{}\u00bb custom_padding__hover=\u00bb|||\u00bb][et_pb_text _builder_version=\u00bb4.9.11&#8243; header_font=\u00bbNews Cycle|700||on|||||\u00bb header_text_align=\u00bbleft\u00bb header_text_color=\u00bb#1e6262&#8243; header_font_size=\u00bb28px\u00bb header_letter_spacing=\u00bb2px\u00bb header_2_font=\u00bbNews Cycle|700||on|||||\u00bb header_2_text_align=\u00bbleft\u00bb header_2_text_color=\u00bb#1e6262&#8243; header_2_font_size=\u00bb28px\u00bb header_2_letter_spacing=\u00bb2px\u00bb hover_enabled=\u00bb0&#8243; global_colors_info=\u00bb{}\u00bb sticky_enabled=\u00bb0&#8243;]<\/p>\n<h1 class=\"p1\"><span data-sheets-value=\"{&quot;1&quot;:2,&quot;2&quot;:&quot;INFORMACI\u00d3N LEGAL&quot;}\" data-sheets-userformat=\"{&quot;2&quot;:829,&quot;3&quot;:{&quot;1&quot;:0},&quot;5&quot;:{&quot;1&quot;:[{&quot;1&quot;:2,&quot;2&quot;:0,&quot;5&quot;:[null,2,0]},{&quot;1&quot;:0,&quot;2&quot;:0,&quot;3&quot;:3},{&quot;1&quot;:1,&quot;2&quot;:0,&quot;4&quot;:1}]},&quot;6&quot;:{&quot;1&quot;:[{&quot;1&quot;:2,&quot;2&quot;:0,&quot;5&quot;:[null,2,0]},{&quot;1&quot;:0,&quot;2&quot;:0,&quot;3&quot;:3},{&quot;1&quot;:1,&quot;2&quot;:0,&quot;4&quot;:1}]},&quot;7&quot;:{&quot;1&quot;:[{&quot;1&quot;:2,&quot;2&quot;:0,&quot;5&quot;:[null,2,0]},{&quot;1&quot;:0,&quot;2&quot;:0,&quot;3&quot;:3},{&quot;1&quot;:1,&quot;2&quot;:0,&quot;4&quot;:1}]},&quot;8&quot;:{&quot;1&quot;:[{&quot;1&quot;:2,&quot;2&quot;:0,&quot;5&quot;:[null,2,0]},{&quot;1&quot;:0,&quot;2&quot;:0,&quot;3&quot;:3},{&quot;1&quot;:1,&quot;2&quot;:0,&quot;4&quot;:1}]},&quot;11&quot;:4,&quot;12&quot;:0}\">INFORMACI\u00d3N LEGAL<\/span><\/h1>\n<p>[\/et_pb_text][et_pb_text _builder_version=\u00bb4.9.11&#8243; text_font=\u00bb||||||||\u00bb text_text_color=\u00bb#1e6263&#8243; header_font=\u00bb||||||||\u00bb header_text_align=\u00bbleft\u00bb header_text_color=\u00bb#1e6262&#8243; header_font_size=\u00bb28px\u00bb header_letter_spacing=\u00bb2px\u00bb header_2_font=\u00bb||||||||\u00bb header_2_text_align=\u00bbleft\u00bb header_2_text_color=\u00bb#1e6262&#8243; header_2_font_size=\u00bb28px\u00bb header_2_letter_spacing=\u00bb2px\u00bb text_orientation=\u00bbjustified\u00bb hover_enabled=\u00bb0&#8243; global_colors_info=\u00bb{}\u00bb sticky_enabled=\u00bb0&#8243;]<\/p>\n<h2 class=\"p1\"><span class=\"s1\"><b><span data-sheets-value=\"{&quot;1&quot;:2,&quot;2&quot;:&quot;Director de la publicaci\u00f3n:&quot;}\" data-sheets-userformat=\"{&quot;2&quot;:829,&quot;3&quot;:{&quot;1&quot;:0},&quot;5&quot;:{&quot;1&quot;:[{&quot;1&quot;:2,&quot;2&quot;:0,&quot;5&quot;:[null,2,0]},{&quot;1&quot;:0,&quot;2&quot;:0,&quot;3&quot;:3},{&quot;1&quot;:1,&quot;2&quot;:0,&quot;4&quot;:1}]},&quot;6&quot;:{&quot;1&quot;:[{&quot;1&quot;:2,&quot;2&quot;:0,&quot;5&quot;:[null,2,0]},{&quot;1&quot;:0,&quot;2&quot;:0,&quot;3&quot;:3},{&quot;1&quot;:1,&quot;2&quot;:0,&quot;4&quot;:1}]},&quot;7&quot;:{&quot;1&quot;:[{&quot;1&quot;:2,&quot;2&quot;:0,&quot;5&quot;:[null,2,0]},{&quot;1&quot;:0,&quot;2&quot;:0,&quot;3&quot;:3},{&quot;1&quot;:1,&quot;2&quot;:0,&quot;4&quot;:1}]},&quot;8&quot;:{&quot;1&quot;:[{&quot;1&quot;:2,&quot;2&quot;:0,&quot;5&quot;:[null,2,0]},{&quot;1&quot;:0,&quot;2&quot;:0,&quot;3&quot;:3},{&quot;1&quot;:1,&quot;2&quot;:0,&quot;4&quot;:1}]},&quot;11&quot;:4,&quot;12&quot;:0}\">Director de la publicaci\u00f3n<\/span><\/b><\/span><\/h2>\n<p class=\"p1\">Antoine THIBAUD<br \/>SNC PRESSAC LOISIRS, 39, rue Washington 75008 PARIS<\/p>\n<p>[\/et_pb_text][et_pb_text _builder_version=\u00bb4.9.11&#8243; text_font=\u00bb||||||||\u00bb text_text_color=\u00bb#1e6263&#8243; header_font=\u00bb||||||||\u00bb header_text_align=\u00bbleft\u00bb header_text_color=\u00bb#1e6262&#8243; header_font_size=\u00bb28px\u00bb header_letter_spacing=\u00bb2px\u00bb header_2_font=\u00bb||||||||\u00bb header_2_text_align=\u00bbleft\u00bb header_2_text_color=\u00bb#1e6262&#8243; header_2_font_size=\u00bb28px\u00bb header_2_letter_spacing=\u00bb2px\u00bb text_orientation=\u00bbjustified\u00bb hover_enabled=\u00bb0&#8243; global_colors_info=\u00bb{}\u00bb sticky_enabled=\u00bb0&#8243;]<\/p>\n<h2 class=\"p1\"><b>Web hosting<\/b><\/h2>\n<p class=\"p1\"><span>OVH SAS au capital de 10\u00a0069\u00a0020\u00a0\u20ac\u00a0 \u2013 RCS Roubaix \u2013 Tourcoing 424 761 419 00045 \u2013 Code APE 2620Z \u2013 N\u00b0 TVA : FR 22 424 761 419 \u2013 Si\u00e8ge social : 2 rue Kellermann \u2013 59100 Roubaix \u2013 France.<\/span><\/p>\n<p>[\/et_pb_text][et_pb_text _builder_version=\u00bb4.9.11&#8243; text_font=\u00bb||||||||\u00bb text_text_color=\u00bb#1e6263&#8243; link_font=\u00bb|600|||on||||\u00bb link_text_color=\u00bb#1e6263&#8243; header_text_align=\u00bbleft\u00bb header_text_color=\u00bb#1e6262&#8243; header_font_size=\u00bb28px\u00bb header_letter_spacing=\u00bb2px\u00bb header_2_text_align=\u00bbleft\u00bb header_2_text_color=\u00bb#1e6262&#8243; header_2_font_size=\u00bb28px\u00bb header_2_letter_spacing=\u00bb2px\u00bb text_orientation=\u00bbjustified\u00bb hover_enabled=\u00bb0&#8243; global_colors_info=\u00bb{}\u00bb sticky_enabled=\u00bb0&#8243;]<\/p>\n<h2 class=\"p1\"><span class=\"s1\"><b><span data-sheets-value=\"{&quot;1&quot;:2,&quot;2&quot;:&quot;Directed by :&quot;}\" data-sheets-userformat=\"{&quot;2&quot;:2879,&quot;3&quot;:{&quot;1&quot;:0},&quot;4&quot;:[null,2,3450963],&quot;5&quot;:{&quot;1&quot;:[{&quot;1&quot;:2,&quot;2&quot;:0,&quot;5&quot;:[null,2,0]},{&quot;1&quot;:0,&quot;2&quot;:0,&quot;3&quot;:3},{&quot;1&quot;:1,&quot;2&quot;:0,&quot;4&quot;:1}]},&quot;6&quot;:{&quot;1&quot;:[{&quot;1&quot;:2,&quot;2&quot;:0,&quot;5&quot;:[null,2,0]},{&quot;1&quot;:0,&quot;2&quot;:0,&quot;3&quot;:3},{&quot;1&quot;:1,&quot;2&quot;:0,&quot;4&quot;:1}]},&quot;7&quot;:{&quot;1&quot;:[{&quot;1&quot;:2,&quot;2&quot;:0,&quot;5&quot;:[null,2,0]},{&quot;1&quot;:0,&quot;2&quot;:0,&quot;3&quot;:3},{&quot;1&quot;:1,&quot;2&quot;:0,&quot;4&quot;:1}]},&quot;8&quot;:{&quot;1&quot;:[{&quot;1&quot;:2,&quot;2&quot;:0,&quot;5&quot;:[null,2,0]},{&quot;1&quot;:0,&quot;2&quot;:0,&quot;3&quot;:3},{&quot;1&quot;:1,&quot;2&quot;:0,&quot;4&quot;:1}]},&quot;11&quot;:4,&quot;12&quot;:0,&quot;14&quot;:{&quot;1&quot;:2,&quot;2&quot;:0}}\">Dirigido por<\/span><\/b><\/span><\/h2>\n<p><a href=\"https:\/\/ouicom.fr\"><img loading=\"lazy\" decoding=\"async\" class=\"alignnone wp-image-72370\" src=\"https:\/\/village-flottant-pressac.com\/wp-content\/uploads\/2018\/12\/LOGO-OUICOM-300x66.png\" alt=\"\" width=\"68\" height=\"15\" \/><\/a><\/p>\n<p>4 Rue Pitois<br \/>92800 Puteaux<\/p>\n<p>Site web :\u00a0<a title=\"Ouicom* l'agence\" href=\"https:\/\/www.ouicom.fr\/\" target=\"_blank\" rel=\"noopener noreferrer\">www.ouicom.fr<\/a><\/p>\n<p>[\/et_pb_text][et_pb_text _builder_version=\u00bb4.9.11&#8243; text_font=\u00bb||||||||\u00bb text_text_color=\u00bb#1e6263&#8243; header_font=\u00bb||||||||\u00bb header_text_align=\u00bbleft\u00bb header_text_color=\u00bb#1e6262&#8243; header_font_size=\u00bb28px\u00bb header_letter_spacing=\u00bb2px\u00bb header_2_font=\u00bb||||||||\u00bb header_2_text_align=\u00bbleft\u00bb header_2_text_color=\u00bb#1e6262&#8243; header_2_font_size=\u00bb28px\u00bb header_2_letter_spacing=\u00bb2px\u00bb text_orientation=\u00bbjustified\u00bb hover_enabled=\u00bb0&#8243; global_colors_info=\u00bb{}\u00bb sticky_enabled=\u00bb0&#8243;]<\/p>\n<h2 class=\"p1\"><b><span data-sheets-value=\"{&quot;1&quot;:2,&quot;2&quot;:&quot;Photo credits&quot;}\" data-sheets-userformat=\"{&quot;2&quot;:2879,&quot;3&quot;:{&quot;1&quot;:0},&quot;4&quot;:[null,2,3450963],&quot;5&quot;:{&quot;1&quot;:[{&quot;1&quot;:2,&quot;2&quot;:0,&quot;5&quot;:[null,2,0]},{&quot;1&quot;:0,&quot;2&quot;:0,&quot;3&quot;:3},{&quot;1&quot;:1,&quot;2&quot;:0,&quot;4&quot;:1}]},&quot;6&quot;:{&quot;1&quot;:[{&quot;1&quot;:2,&quot;2&quot;:0,&quot;5&quot;:[null,2,0]},{&quot;1&quot;:0,&quot;2&quot;:0,&quot;3&quot;:3},{&quot;1&quot;:1,&quot;2&quot;:0,&quot;4&quot;:1}]},&quot;7&quot;:{&quot;1&quot;:[{&quot;1&quot;:2,&quot;2&quot;:0,&quot;5&quot;:[null,2,0]},{&quot;1&quot;:0,&quot;2&quot;:0,&quot;3&quot;:3},{&quot;1&quot;:1,&quot;2&quot;:0,&quot;4&quot;:1}]},&quot;8&quot;:{&quot;1&quot;:[{&quot;1&quot;:2,&quot;2&quot;:0,&quot;5&quot;:[null,2,0]},{&quot;1&quot;:0,&quot;2&quot;:0,&quot;3&quot;:3},{&quot;1&quot;:1,&quot;2&quot;:0,&quot;4&quot;:1}]},&quot;11&quot;:4,&quot;12&quot;:0,&quot;14&quot;:{&quot;1&quot;:2,&quot;2&quot;:0}}\">Cr\u00e9ditos de las fotos<\/span><\/b><\/h2>\n<p class=\"p1\"><span class=\"s1\">SNC Pressac Loisirs \/ Shutterstock \/ Getty Images<\/span><\/p>\n<p>[\/et_pb_text][et_pb_text _builder_version=\u00bb4.9.11&#8243; text_font=\u00bb||||||||\u00bb text_text_color=\u00bb#1e6263&#8243; header_font=\u00bb||||||||\u00bb header_text_align=\u00bbleft\u00bb header_text_color=\u00bb#1e6262&#8243; header_font_size=\u00bb28px\u00bb header_letter_spacing=\u00bb2px\u00bb header_2_font=\u00bb||||||||\u00bb header_2_text_align=\u00bbleft\u00bb header_2_text_color=\u00bb#1e6262&#8243; header_2_font_size=\u00bb28px\u00bb header_2_letter_spacing=\u00bb2px\u00bb text_orientation=\u00bbjustified\u00bb hover_enabled=\u00bb0&#8243; global_colors_info=\u00bb{}\u00bb sticky_enabled=\u00bb0&#8243;]<\/p>\n<h2 class=\"p1\"><span class=\"s1\"><b><span>Derechos de reproducci\u00f3n<\/span><\/b><\/span><\/h2>\n<p class=\"p1\"><span data-sheets-value=\"{&quot;1&quot;:2,&quot;2&quot;:&quot;The information presented on this site is public. Reproduction of pages from this site is authorised on condition that the source is mentioned and a link is created to the reference page(s). They may not be used for commercial or advertising purposes.\\n&quot;}\" data-sheets-userformat=\"{&quot;2&quot;:2879,&quot;3&quot;:{&quot;1&quot;:0},&quot;4&quot;:[null,2,3450963],&quot;5&quot;:{&quot;1&quot;:[{&quot;1&quot;:2,&quot;2&quot;:0,&quot;5&quot;:[null,2,0]},{&quot;1&quot;:0,&quot;2&quot;:0,&quot;3&quot;:3},{&quot;1&quot;:1,&quot;2&quot;:0,&quot;4&quot;:1}]},&quot;6&quot;:{&quot;1&quot;:[{&quot;1&quot;:2,&quot;2&quot;:0,&quot;5&quot;:[null,2,0]},{&quot;1&quot;:0,&quot;2&quot;:0,&quot;3&quot;:3},{&quot;1&quot;:1,&quot;2&quot;:0,&quot;4&quot;:1}]},&quot;7&quot;:{&quot;1&quot;:[{&quot;1&quot;:2,&quot;2&quot;:0,&quot;5&quot;:[null,2,0]},{&quot;1&quot;:0,&quot;2&quot;:0,&quot;3&quot;:3},{&quot;1&quot;:1,&quot;2&quot;:0,&quot;4&quot;:1}]},&quot;8&quot;:{&quot;1&quot;:[{&quot;1&quot;:2,&quot;2&quot;:0,&quot;5&quot;:[null,2,0]},{&quot;1&quot;:0,&quot;2&quot;:0,&quot;3&quot;:3},{&quot;1&quot;:1,&quot;2&quot;:0,&quot;4&quot;:1}]},&quot;11&quot;:4,&quot;12&quot;:0,&quot;14&quot;:{&quot;1&quot;:2,&quot;2&quot;:0}}\">La informaci\u00f3n presentada en este sitio es p\u00fablica. Se autoriza la reproducci\u00f3n de p\u00e1ginas de este sitio a condici\u00f3n de que se mencione la fuente y se cree un enlace en la(s) p\u00e1gina(s) de referencia. No pueden utilizarse con fines comerciales o publicitarios.<br \/><\/span><\/p>\n<p>[\/et_pb_text][et_pb_text _builder_version=\u00bb4.9.11&#8243; text_font=\u00bb||||||||\u00bb text_text_color=\u00bb#1e6263&#8243; link_font=\u00bb||||on||||\u00bb link_text_color=\u00bb#1e6263&#8243; header_font=\u00bb||||||||\u00bb header_text_align=\u00bbleft\u00bb header_text_color=\u00bb#1e6262&#8243; header_font_size=\u00bb28px\u00bb header_letter_spacing=\u00bb2px\u00bb header_2_font=\u00bb||||||||\u00bb header_2_text_align=\u00bbleft\u00bb header_2_text_color=\u00bb#1e6262&#8243; header_2_font_size=\u00bb28px\u00bb header_2_letter_spacing=\u00bb2px\u00bb text_orientation=\u00bbjustified\u00bb hover_enabled=\u00bb0&#8243; global_colors_info=\u00bb{}\u00bb sticky_enabled=\u00bb0&#8243;]<\/p>\n<h2 class=\"p1\"><span class=\"s1\"><b><span data-sheets-value=\"{&quot;1&quot;:2,&quot;2&quot;:&quot;Datos personales :&quot;}\" data-sheets-userformat=\"{&quot;2&quot;:829,&quot;3&quot;:{&quot;1&quot;:0},&quot;5&quot;:{&quot;1&quot;:[{&quot;1&quot;:2,&quot;2&quot;:0,&quot;5&quot;:[null,2,0]},{&quot;1&quot;:0,&quot;2&quot;:0,&quot;3&quot;:3},{&quot;1&quot;:1,&quot;2&quot;:0,&quot;4&quot;:1}]},&quot;6&quot;:{&quot;1&quot;:[{&quot;1&quot;:2,&quot;2&quot;:0,&quot;5&quot;:[null,2,0]},{&quot;1&quot;:0,&quot;2&quot;:0,&quot;3&quot;:3},{&quot;1&quot;:1,&quot;2&quot;:0,&quot;4&quot;:1}]},&quot;7&quot;:{&quot;1&quot;:[{&quot;1&quot;:2,&quot;2&quot;:0,&quot;5&quot;:[null,2,0]},{&quot;1&quot;:0,&quot;2&quot;:0,&quot;3&quot;:3},{&quot;1&quot;:1,&quot;2&quot;:0,&quot;4&quot;:1}]},&quot;8&quot;:{&quot;1&quot;:[{&quot;1&quot;:2,&quot;2&quot;:0,&quot;5&quot;:[null,2,0]},{&quot;1&quot;:0,&quot;2&quot;:0,&quot;3&quot;:3},{&quot;1&quot;:1,&quot;2&quot;:0,&quot;4&quot;:1}]},&quot;11&quot;:4,&quot;12&quot;:0}\">Datos personales<\/span><\/b><\/span><\/h2>\n<p class=\"p1\"><span class=\"s1\"><span data-sheets-value=\"{&quot;1&quot;:2,&quot;2&quot;:&quot;Cuando los datos de este sitio son de car\u00e1cter nominativo, los usuarios deben utilizarlos de acuerdo con la normativa vigente y las recomendaciones de la Comisi\u00f3n Nacional de la Inform\u00e1tica y las Libertades (CNIL).\\n\\nLa informaci\u00f3n que introduzca en el sitio podr\u00e1 ser registrada para su tratamiento exclusivo por el gestor del sitio\/director de la publicaci\u00f3n. Usted dispone de un derecho de acceso, modificaci\u00f3n, rectificaci\u00f3n y supresi\u00f3n de los datos recogidos en este sitio, en las condiciones previstas por la Ley n\u00ba 78-17 del 6 de enero de 1978 relativa a la inform\u00e1tica, los archivos y las libertades. Para ejercer este derecho, p\u00f3ngase en contacto con el director del sitio. Si desea proceder a un intercambio de enlaces o a una asociaci\u00f3n, p\u00f3ngase en contacto con nosotros.&quot;}\" data-sheets-userformat=\"{&quot;2&quot;:831,&quot;3&quot;:{&quot;1&quot;:0},&quot;4&quot;:[null,2,16776960],&quot;5&quot;:{&quot;1&quot;:[{&quot;1&quot;:2,&quot;2&quot;:0,&quot;5&quot;:[null,2,0]},{&quot;1&quot;:0,&quot;2&quot;:0,&quot;3&quot;:3},{&quot;1&quot;:1,&quot;2&quot;:0,&quot;4&quot;:1}]},&quot;6&quot;:{&quot;1&quot;:[{&quot;1&quot;:2,&quot;2&quot;:0,&quot;5&quot;:[null,2,0]},{&quot;1&quot;:0,&quot;2&quot;:0,&quot;3&quot;:3},{&quot;1&quot;:1,&quot;2&quot;:0,&quot;4&quot;:1}]},&quot;7&quot;:{&quot;1&quot;:[{&quot;1&quot;:2,&quot;2&quot;:0,&quot;5&quot;:[null,2,0]},{&quot;1&quot;:0,&quot;2&quot;:0,&quot;3&quot;:3},{&quot;1&quot;:1,&quot;2&quot;:0,&quot;4&quot;:1}]},&quot;8&quot;:{&quot;1&quot;:[{&quot;1&quot;:2,&quot;2&quot;:0,&quot;5&quot;:[null,2,0]},{&quot;1&quot;:0,&quot;2&quot;:0,&quot;3&quot;:3},{&quot;1&quot;:1,&quot;2&quot;:0,&quot;4&quot;:1}]},&quot;11&quot;:4,&quot;12&quot;:0}\">Cuando los datos de este sitio son de car\u00e1cter nominativo, los usuarios deben utilizarlos de acuerdo con la normativa vigente y las recomendaciones de la Comisi\u00f3n Nacional de la Inform\u00e1tica y las Libertades (CNIL).<\/p>\n<p>La informaci\u00f3n que introduzca en el sitio podr\u00e1 ser registrada para su tratamiento exclusivo por el gestor del sitio\/director de la publicaci\u00f3n. Usted dispone de un derecho de acceso, modificaci\u00f3n, rectificaci\u00f3n y supresi\u00f3n de los datos recogidos en este sitio, en las condiciones previstas por la Ley n\u00ba 78-17 del 6 de enero de 1978 relativa a la inform\u00e1tica, los archivos y las libertades. Para ejercer este derecho, p\u00f3ngase en contacto con el <a href=\"https:\/\/village-flottant-pressac.com\/es\/contactenos\/\">director del sitio<\/a>. Si desea proceder a un intercambio de enlaces o a una asociaci\u00f3n, p\u00f3ngase en contacto con nosotros.<\/span><\/span><\/p>\n<p>[\/et_pb_text][\/et_pb_column][\/et_pb_row][\/et_pb_section]<\/p>\n","protected":false},"excerpt":{"rendered":"<p>INFORMACI\u00d3N LEGALDirector de la publicaci\u00f3n Antoine THIBAUDSNC PRESSAC LOISIRS, 39, rue Washington 75008 PARISWeb hosting OVH SAS au capital de 10\u00a0069\u00a0020\u00a0\u20ac\u00a0 \u2013 RCS Roubaix \u2013 Tourcoing 424 761 419 00045 \u2013 Code APE 2620Z \u2013 N\u00b0 TVA : FR 22 424 761 419 \u2013 Si\u00e8ge social : 2 rue Kellermann \u2013 59100 Roubaix \u2013 France.Dirigido por 4 Rue Pitois92800 Puteaux Site web :\u00a0www.ouicom.frCr\u00e9ditos de las fotos SNC Pressac Loisirs \/ Shutterstock \/ Getty ImagesDerechos de reproducci\u00f3n La informaci\u00f3n presentada en este sitio es p\u00fablica. Se autoriza la reproducci\u00f3n de p\u00e1ginas de este sitio a condici\u00f3n de que se mencione la fuente y se cree un enlace en la(s) p\u00e1gina(s) de referencia. No pueden utilizarse con fines comerciales o publicitarios.Datos personales Cuando los datos de este sitio son de car\u00e1cter nominativo, los usuarios deben utilizarlos de acuerdo con la normativa vigente y las recomendaciones de la Comisi\u00f3n Nacional de la Inform\u00e1tica y las Libertades (CNIL). La informaci\u00f3n que introduzca en el sitio podr\u00e1 ser registrada para su tratamiento exclusivo por el gestor del sitio\/director de la publicaci\u00f3n. Usted dispone de un derecho de acceso, modificaci\u00f3n, rectificaci\u00f3n y supresi\u00f3n de los datos recogidos en este sitio, en las condiciones previstas por la Ley n\u00ba 78-17 del 6 de enero de 1978 relativa a la inform\u00e1tica, los archivos y las libertades. Para ejercer este derecho, p\u00f3ngase en contacto con el director del sitio. Si desea proceder a un intercambio de enlaces o a una asociaci\u00f3n, p\u00f3ngase en contacto con nosotros.<\/p>\n","protected":false},"author":9,"featured_media":0,"parent":0,"menu_order":0,"comment_status":"closed","ping_status":"closed","template":"","meta":{"_acf_changed":false,"_et_pb_use_builder":"on","_et_pb_old_content":"","_et_gb_content_width":"","inline_featured_image":false,"footnotes":""},"class_list":["post-75794","page","type-page","status-publish","hentry"],"acf":[],"aioseo_notices":[],"_links":{"self":[{"href":"https:\/\/village-flottant-pressac.com\/es\/wp-json\/wp\/v2\/pages\/75794","targetHints":{"allow":["GET"]}}],"collection":[{"href":"https:\/\/village-flottant-pressac.com\/es\/wp-json\/wp\/v2\/pages"}],"about":[{"href":"https:\/\/village-flottant-pressac.com\/es\/wp-json\/wp\/v2\/types\/page"}],"author":[{"embeddable":true,"href":"https:\/\/village-flottant-pressac.com\/es\/wp-json\/wp\/v2\/users\/9"}],"replies":[{"embeddable":true,"href":"https:\/\/village-flottant-pressac.com\/es\/wp-json\/wp\/v2\/comments?post=75794"}],"version-history":[{"count":0,"href":"https:\/\/village-flottant-pressac.com\/es\/wp-json\/wp\/v2\/pages\/75794\/revisions"}],"wp:attachment":[{"href":"https:\/\/village-flottant-pressac.com\/es\/wp-json\/wp\/v2\/media?parent=75794"}],"curies":[{"name":"wp","href":"https:\/\/api.w.org\/{rel}","templated":true}]}}