{"id":82589,"date":"2018-11-12T16:38:27","date_gmt":"2018-11-12T15:38:27","guid":{"rendered":"https:\/\/village-flottant-pressac.com\/actualites\/"},"modified":"2025-12-05T19:01:50","modified_gmt":"2025-12-05T18:01:50","slug":"actualites","status":"publish","type":"page","link":"https:\/\/village-flottant-pressac.com\/en\/actualites\/","title":{"rendered":"Actualit\u00e9s EN"},"content":{"rendered":"<p>[et_pb_section fb_built=&#8221;1&#8243; fullwidth=&#8221;on&#8221; _builder_version=&#8221;4.16&#8243; global_colors_info=&#8221;{}&#8221;][et_pb_fullwidth_slider show_arrows=&#8221;off&#8221; _builder_version=&#8221;4.16&#8243; global_colors_info=&#8221;{}&#8221;][et_pb_slide use_bg_overlay=&#8221;off&#8221; use_text_overlay=&#8221;off&#8221; admin_title=&#8221;SLIDE1&#8243; _builder_version=&#8221;4.16&#8243; header_font=&#8221;News Cycle||||||||&#8221; header_text_align=&#8221;center&#8221; header_text_color=&#8221;#ffffff&#8221; background_color=&#8221;#ffffff&#8221; background_image=&#8221;https:\/\/village-flottant-pressac.com\/wp-content\/uploads\/2019\/01\/FBDSC_0440.jpg&#8221; button_on_hover=&#8221;on&#8221; custom_padding=&#8221;200px||200px||true&#8221; custom_padding_tablet=&#8221;200px||200px||true&#8221; custom_padding_phone=&#8221;200px||200px||true&#8221; header_text_shadow_style=&#8221;preset1&#8243; header_text_shadow_blur_strength=&#8221;2em&#8221; header_text_shadow_color=&#8221;#1e6262&#8243; global_colors_info=&#8221;{}&#8221; sticky_transition=&#8221;on&#8221;][\/et_pb_slide][\/et_pb_fullwidth_slider][\/et_pb_section][et_pb_section fb_built=&#8221;1&#8243; disabled_on=&#8221;off|off|off&#8221; _builder_version=&#8221;4.16&#8243; background_color=&#8221;rgba(0,0,0,0)&#8221; custom_margin=&#8221;||&#8221; custom_padding=&#8221;1px||1px||true|true&#8221; custom_css_main_element=&#8221;    z-index: 10000;||&#8221; global_colors_info=&#8221;{}&#8221;][et_pb_row _builder_version=&#8221;4.16&#8243; background_color=&#8221;rgba(30,98,99,0.8)&#8221; max_width=&#8221;300px&#8221; module_alignment=&#8221;right&#8221; custom_margin=&#8221;-250px||153px|&#8221; custom_margin_tablet=&#8221;&#8221; custom_margin_phone=&#8221;-250px||&#8221; custom_margin_last_edited=&#8221;on|phone&#8221; custom_padding=&#8221;2px||2px||true|false&#8221; use_custom_width=&#8221;on&#8221; custom_width_px=&#8221;300px&#8221; locked=&#8221;off&#8221; global_colors_info=&#8221;{}&#8221;][et_pb_column type=&#8221;4_4&#8243; _builder_version=&#8221;4.16&#8243; custom_padding=&#8221;|||&#8221; global_colors_info=&#8221;{}&#8221; custom_padding__hover=&#8221;|||&#8221;][et_pb_text _builder_version=&#8221;4.17.3&#8243; text_font=&#8221;||||||||&#8221; text_text_color=&#8221;#ffffff&#8221; text_font_size=&#8221;26px&#8221; header_font=&#8221;News Cycle||||||||&#8221; header_text_color=&#8221;#ffffff&#8221; header_font_size=&#8221;23px&#8221; text_orientation=&#8221;center&#8221; custom_padding=&#8221;20px||10px||false&#8221; hover_enabled=&#8221;0&#8243; global_colors_info=&#8221;{}&#8221; sticky_enabled=&#8221;0&#8243;]<\/p>\n<h1>NEWS<\/h1>\n<p>[\/et_pb_text][\/et_pb_column][\/et_pb_row][\/et_pb_section][et_pb_section fb_built=&#8221;1&#8243; disabled_on=&#8221;off|off|off&#8221; module_id=&#8221;form_gene&#8221; _builder_version=&#8221;4.16&#8243; background_color=&#8221;rgba(0,0,0,0)&#8221; custom_margin=&#8221;||&#8221; custom_padding=&#8221;1px||1px||true|true&#8221; z_index_tablet=&#8221;500&#8243; custom_css_main_element=&#8221; z-index: 100;||&#8221; saved_tabs=&#8221;all&#8221; locked=&#8221;off&#8221; collapsed=&#8221;off&#8221; global_colors_info=&#8221;{}&#8221;][et_pb_row column_structure=&#8221;1_5,1_5,3_5&#8243; use_custom_gutter=&#8221;on&#8221; gutter_width=&#8221;1&#8243; disabled_on=&#8221;on|on|on&#8221; module_class=&#8221;form_nova&#8221; _builder_version=&#8221;4.16&#8243; background_color=&#8221;#ffffff&#8221; custom_margin=&#8221;-85px||||false|false&#8221; custom_padding=&#8221;20px|20px|20px|20px|true|true&#8221; disabled=&#8221;on&#8221; collapsed=&#8221;on&#8221; global_colors_info=&#8221;{}&#8221;][et_pb_column type=&#8221;1_5&#8243; _builder_version=&#8221;4.16&#8243; custom_padding=&#8221;|0px||&#8221; custom_css_main_element=&#8221;width:15% !important;&#8221; global_colors_info=&#8221;{}&#8221; custom_padding__hover=&#8221;|||&#8221;][et_pb_text _builder_version=&#8221;4.16&#8243; text_text_color=&#8221;#39a09b&#8221; global_colors_info=&#8221;{}&#8221;]<\/p>\n<p>Je cherche :<\/p>\n<p>[\/et_pb_text][\/et_pb_column][et_pb_column type=&#8221;1_5&#8243; _builder_version=&#8221;4.16&#8243; custom_padding=&#8221;|0px||&#8221; custom_css_main_element=&#8221;width:30%!important;&#8221; global_colors_info=&#8221;{}&#8221; custom_padding__hover=&#8221;|||&#8221;][et_pb_code module_id=&#8221;form_general_tous&#8221; module_class=&#8221;code_form_general_novaresa &#8221; _builder_version=&#8221;4.16&#8243; global_colors_info=&#8221;{}&#8221;]<\/p>\n<div class=\"select-form-general\"><!-- [et_pb_line_break_holder] --><select id=\"select\" class=\"design_select_form_novaresa\"><!-- [et_pb_line_break_holder] --><option id=\"1\" name=\"tous\" value=\"tous\">Tous<\/option><!-- [et_pb_line_break_holder] --><option id=\"2\" name=\"lodges\" value=\"lodges\">Lodges<\/option><!-- [et_pb_line_break_holder] --><option id=\"3\" name=\"cabanes duo\" value=\"cabanes duo\">Cabanes DUO (2-3 pers. max)<\/option><!-- [et_pb_line_break_holder] --><option id=\"4\" name=\"cabanes familiales\" value=\"cabanes familiales\">Cabanes FAMILIALES (4 pers. min)<\/option><!-- [et_pb_line_break_holder] --><option id=\"5\" name=\"tentes safaris\" value=\"tentes safaris\">Tentes Safari<\/option><!-- [et_pb_line_break_holder] -->  <\/select><!-- [et_pb_line_break_holder] --><\/div>\n<p>[\/et_pb_code][\/et_pb_column][et_pb_column type=&#8221;3_5&#8243; _builder_version=&#8221;4.16&#8243; custom_padding=&#8221;|||&#8221; custom_css_main_element=&#8221;width:55%!important;&#8221; global_colors_info=&#8221;{}&#8221; custom_padding__hover=&#8221;|||&#8221;][et_pb_code module_id=&#8221;formtous&#8221; module_class=&#8221;code_form_general_novaresa&#8221; _builder_version=&#8221;4.16&#8243; global_colors_info=&#8221;{}&#8221;]<\/p>\n<form id=\"form1\" class=\"form_general_novaresa\" method=\"get\" action=\"https:\/\/village-flottant-pressac.com\/reservation\/\"><!-- [et_pb_line_break_holder] -->  <input placeholder=\"Arriv\u00e9e\" type=\"text\" class=\"design_form_novaresa picto_reservation date\" id=\"from\"name=\"date_from\" required=\"Mettre la date d'arriv\u00e9e\"\/><!-- [et_pb_line_break_holder] -->  <input placeholder=\"D\u00e9part\" type=\"text\" class=\"design_form_novaresa picto_reservation date\" id=\"to\" name=\"date_to\" required=\"Mettre la date de d\u00e9part\"\/><!-- [et_pb_line_break_holder] -->   <input class=\"button_submit design_form_button_novaresa\" type=\"submit\" value=\"Rechercher\" \/><!-- [et_pb_line_break_holder] --><\/form>\n<p>[\/et_pb_code][et_pb_code module_id=&#8221;formlodge&#8221; module_class=&#8221;code_form_general_novaresa&#8221; _builder_version=&#8221;4.16&#8243; global_colors_info=&#8221;{}&#8221;]<\/p>\n<form id=\"form2\" class=\"form_general_novaresa\" method=\"get\" action=\"https:\/\/village-flottant-pressac.com\/reservation-lodges\/\"><!-- [et_pb_line_break_holder] -->  <input placeholder=\"Arriv\u00e9e\" type=\"text\" class=\"design_form_novaresa picto_reservation date\" id=\"fromcab\" name=\"date_from\" required=\"Mettre la date d'arriv\u00e9e\"\/><!-- [et_pb_line_break_holder] -->  <input placeholder=\"D\u00e9part\" type=\"text\" class=\"design_form_novaresa picto_reservation date\" id=\"tocab\" name=\"date_to\" required=\"Mettre la date de d\u00e9part\"\/><!-- [et_pb_line_break_holder] -->  <input class=\"button_submit design_form_button_novaresa\" type=\"submit\" value=\"Rechercher\" \/><!-- [et_pb_line_break_holder] --><\/form>\n<p>[\/et_pb_code][et_pb_code module_id=&#8221;formcab&#8221; module_class=&#8221;code_form_general_novaresa&#8221; _builder_version=&#8221;4.16&#8243; global_colors_info=&#8221;{}&#8221;]<\/p>\n<form id=\"form3\" class=\"form_general_novaresa\" method=\"get\" action=\"https:\/\/village-flottant-pressac.com\/reservation-cabanes-duo\/\"><!-- [et_pb_line_break_holder] -->  <input placeholder=\"Arriv\u00e9e\" type=\"text\" class=\"design_form_novaresa picto_reservation date\" id=\"fromlodge\" name=\"date_from\" required=\"Mettre la date d'arriv\u00e9e\"\/><!-- [et_pb_line_break_holder] -->  <input placeholder=\"D\u00e9part\" type=\"text\" class=\"design_form_novaresa picto_reservation date\" id=\"tocabane\" name=\"date_to\" required=\"Mettre la date de d\u00e9part\"\/><!-- [et_pb_line_break_holder] -->  <input class=\"button_submit design_form_button_novaresa\" type=\"submit\" value=\"Rechercher\" \/><!-- [et_pb_line_break_holder] --><\/form>\n<p>[\/et_pb_code][et_pb_code module_id=&#8221;formfam&#8221; module_class=&#8221;code_form_general_novaresa&#8221; _builder_version=&#8221;4.16&#8243; global_colors_info=&#8221;{}&#8221;]<\/p>\n<form id=\"form4\" class=\"form_general_novaresa\" method=\"get\" action=\"https:\/\/village-flottant-pressac.com\/reservation-cabanes-familiales\/\"><!-- [et_pb_line_break_holder] -->  <input placeholder=\"Arriv\u00e9e\" type=\"text\" class=\"design_form_novaresa picto_reservation date\" id=\"fromfamiliales\" name=\"date_from\" required=\"Mettre la date d'arriv\u00e9e\"\/><!-- [et_pb_line_break_holder] -->  <input placeholder=\"D\u00e9part\" type=\"text\" class=\"design_form_novaresa picto_reservation date\" id=\"tofamiliales\" name=\"date_to\" required=\"Mettre la date de d\u00e9part\"\/><!-- [et_pb_line_break_holder] -->  <input class=\"button_submit design_form_button_novaresa\" type=\"submit\" value=\"Rechercher\" \/><!-- [et_pb_line_break_holder] --><\/form>\n<p>[\/et_pb_code][et_pb_code disabled_on=&#8221;off|off|off&#8221; module_id=&#8221;formtente&#8221; module_class=&#8221;code_form_general_novaresa&#8221; _builder_version=&#8221;4.16&#8243; global_colors_info=&#8221;{}&#8221;]<\/p>\n<form id=\"form5\" class=\"form_general_novaresa\" method=\"get\" action=\"https:\/\/village-flottant-pressac.com\/reservation-tentes\"><!-- [et_pb_line_break_holder] -->  <input placeholder=\"Arriv\u00e9e\" type=\"text\" class=\"design_form_novaresa picto_reservation date\" id=\"fromtente\" name=\"date_from\" required=\"Mettre la date d'arriv\u00e9e\"\/><!-- [et_pb_line_break_holder] -->  <input placeholder=\"D\u00e9part\" type=\"text\" class=\"design_form_novaresa picto_reservation date\" id=\"totente\" name=\"date_to\" required=\"Mettre la date de d\u00e9part\"\/><!-- [et_pb_line_break_holder] -->  <input class=\"button_submit design_form_button_novaresa\" type=\"submit\" value=\"Rechercher\" \/><!-- [et_pb_line_break_holder] --><\/form>\n<p>[\/et_pb_code][\/et_pb_column][\/et_pb_row][et_pb_row use_custom_gutter=&#8221;on&#8221; gutter_width=&#8221;1&#8243; disabled_on=&#8221;off|off|off&#8221; module_class=&#8221;form_nova&#8221; _builder_version=&#8221;4.17.3&#8243; background_color=&#8221;#ffffff&#8221; width=&#8221;100%&#8221; module_alignment=&#8221;center&#8221; custom_margin=&#8221;-45px||||false|false&#8221; custom_padding=&#8221;20px|20px|20px|20px|true|true&#8221; sticky_position=&#8221;bottom&#8221; sticky_limit_top=&#8221;body&#8221; global_colors_info=&#8221;{}&#8221;][et_pb_column type=&#8221;4_4&#8243; _builder_version=&#8221;4.16&#8243; custom_padding=&#8221;|0px||&#8221; global_colors_info=&#8221;{}&#8221; custom_padding__hover=&#8221;|||&#8221;][et_pb_button button_url=&#8221;https:\/\/www.sandaya.fr\/nos-campings\/village-flottant-de-pressac\/nos-locations#menu&#8221; button_text=&#8221;Book your stay at Village Flottant de Pressac&#8221; button_alignment=&#8221;center&#8221; disabled_on=&#8221;off|off|off&#8221; admin_label=&#8221;Bouton RESERVATION&#8221; _builder_version=&#8221;4.17.3&#8243; _module_preset=&#8221;default&#8221; hover_enabled=&#8221;0&#8243; global_colors_info=&#8221;{}&#8221; sticky_enabled=&#8221;0&#8243;][\/et_pb_button][et_pb_button button_url=&#8221;tel:0586160225&#8243; button_text=&#8221;R\u00e9server par t\u00e9l\u00e9phone au 05 86 16 02 25&#8243; button_alignment=&#8221;center&#8221; disabled_on=&#8221;on|on|on&#8221; _builder_version=&#8221;4.17.3&#8243; _module_preset=&#8221;default&#8221; disabled=&#8221;on&#8221; global_colors_info=&#8221;{}&#8221;][\/et_pb_button][\/et_pb_column][\/et_pb_row][\/et_pb_section][et_pb_section fb_built=&#8221;1&#8243; disabled_on=&#8221;on|on|on&#8221; _builder_version=&#8221;4.16&#8243; custom_margin=&#8221;||&#8221; custom_padding=&#8221;1px||1px||true|true&#8221; custom_css_main_element=&#8221;    z-index: 10000;||&#8221; disabled=&#8221;on&#8221; locked=&#8221;off&#8221; global_colors_info=&#8221;{}&#8221;][et_pb_row _builder_version=&#8221;4.16&#8243; background_color=&#8221;rgba(30,98,99,0.8)&#8221; max_width=&#8221;300px&#8221; module_alignment=&#8221;right&#8221; custom_margin=&#8221;-250px||153px|&#8221; custom_margin_tablet=&#8221;&#8221; custom_margin_phone=&#8221;-250px||&#8221; custom_margin_last_edited=&#8221;on|phone&#8221; custom_padding=&#8221;2px||2px||true|false&#8221; use_custom_width=&#8221;on&#8221; custom_width_px=&#8221;300px&#8221; global_colors_info=&#8221;{}&#8221;][et_pb_column type=&#8221;4_4&#8243; _builder_version=&#8221;4.16&#8243; custom_padding=&#8221;|||&#8221; global_colors_info=&#8221;{}&#8221; custom_padding__hover=&#8221;|||&#8221;][et_pb_text _builder_version=&#8221;4.17.3&#8243; text_font=&#8221;||||||||&#8221; text_text_color=&#8221;#ffffff&#8221; text_font_size=&#8221;26px&#8221; header_font=&#8221;News Cycle||||||||&#8221; header_text_color=&#8221;#ffffff&#8221; header_font_size=&#8221;23px&#8221; text_orientation=&#8221;center&#8221; custom_padding=&#8221;20px||10px||false&#8221; global_colors_info=&#8221;{}&#8221;]<\/p>\n<h1>ACTUALIT\u00c9S<\/h1>\n<p>[\/et_pb_text][\/et_pb_column][\/et_pb_row][\/et_pb_section][et_pb_section fb_built=&#8221;1&#8243; _builder_version=&#8221;4.16&#8243; custom_padding=&#8221;30px|0px|30px|0px|true|false&#8221; global_colors_info=&#8221;{}&#8221;][et_pb_row _builder_version=&#8221;4.16&#8243; background_size=&#8221;initial&#8221; background_position=&#8221;top_left&#8221; background_repeat=&#8221;repeat&#8221; global_colors_info=&#8221;{}&#8221;][et_pb_column type=&#8221;4_4&#8243; _builder_version=&#8221;4.16&#8243; custom_padding=&#8221;|||&#8221; global_colors_info=&#8221;{}&#8221; custom_padding__hover=&#8221;|||&#8221;][et_pb_image src=&#8221;https:\/\/village-flottant-pressac.com\/wp-content\/uploads\/2024\/12\/20241113_Plan_FLO_2025_Plan_interne-1.png&#8221; title_text=&#8221;20241113_Plan_FLO_2025_Plan_interne (1)&#8221; align_tablet=&#8221;center&#8221; align_phone=&#8221;&#8221; align_last_edited=&#8221;on|desktop&#8221; admin_label=&#8221;PLAN VILLAGE&#8221; _builder_version=&#8221;4.17.3&#8243; hover_enabled=&#8221;0&#8243; global_colors_info=&#8221;{}&#8221; sticky_enabled=&#8221;0&#8243;]<br \/>\n[\/et_pb_image][\/et_pb_column][\/et_pb_row][\/et_pb_section][et_pb_section fb_built=&#8221;1&#8243; _builder_version=&#8221;4.16&#8243; custom_padding=&#8221;30px|0px|30px|0px|false|false&#8221; global_colors_info=&#8221;{}&#8221;][et_pb_row _builder_version=&#8221;4.16&#8243; background_size=&#8221;initial&#8221; background_position=&#8221;top_left&#8221; background_repeat=&#8221;repeat&#8221; custom_padding=&#8221;27px|0px|26px|0px|false|false&#8221; global_colors_info=&#8221;{}&#8221;][et_pb_column type=&#8221;4_4&#8243; _builder_version=&#8221;4.16&#8243; custom_padding=&#8221;|||&#8221; global_colors_info=&#8221;{}&#8221; custom_padding__hover=&#8221;|||&#8221;][et_pb_text admin_label=&#8221;TITRE &#8211; LES OFFRES DU MOMENT&#8221; _builder_version=&#8221;4.17.3&#8243; header_font=&#8221;||||||||&#8221; header_2_font=&#8221;|||on|||||&#8221; header_2_text_align=&#8221;center&#8221; header_2_text_color=&#8221;#1e6262&#8243; header_2_font_size=&#8221;28px&#8221; header_2_letter_spacing=&#8221;2px&#8221; hover_enabled=&#8221;0&#8243; global_colors_info=&#8221;{}&#8221; sticky_enabled=&#8221;0&#8243;]<\/p>\n<h2 class=\"p1\"><span class=\"--l --r hover:bg-blue-100 hover:dark:bg-blue-600\">CURRENT<\/span> <span class=\"--l --r hover:bg-blue-100 hover:dark:bg-blue-600\">OFFERS<\/span><\/h2>\n<p>[\/et_pb_text][\/et_pb_column][\/et_pb_row][et_pb_row _builder_version=&#8221;4.16&#8243; background_size=&#8221;initial&#8221; background_position=&#8221;top_left&#8221; background_repeat=&#8221;repeat&#8221; global_colors_info=&#8221;{}&#8221;][et_pb_column type=&#8221;4_4&#8243; _builder_version=&#8221;4.16&#8243; custom_padding=&#8221;|||&#8221; global_colors_info=&#8221;{}&#8221; custom_padding__hover=&#8221;|||&#8221;][et_pb_code _builder_version=&#8221;4.16&#8243; hover_enabled=&#8221;0&#8243; global_colors_info=&#8221;{}&#8221; sticky_enabled=&#8221;0&#8243;]<!-- The Grid Plugin Version 2.8.1 --><div class=\"tg-error-msg\" data-grid-name=\"Offres du moment\">No post was found with your current grid settings.&#xa;You should verify if you have posts inside the current selected post type(s) and if the meta key filter is not too much restrictive.<\/div>[\/et_pb_code][\/et_pb_column][\/et_pb_row][\/et_pb_section][et_pb_section fb_built=&#8221;1&#8243; _builder_version=&#8221;4.16&#8243; background_color=&#8221;#f7f7f7&#8243; custom_padding=&#8221;30px|0px|30px|0px|true|false&#8221; global_colors_info=&#8221;{}&#8221;][et_pb_row _builder_version=&#8221;4.16&#8243; background_size=&#8221;initial&#8221; background_position=&#8221;top_left&#8221; background_repeat=&#8221;repeat&#8221; custom_padding=&#8221;27px|0px|26px|0px|false|false&#8221; global_colors_info=&#8221;{}&#8221;][et_pb_column type=&#8221;4_4&#8243; _builder_version=&#8221;4.16&#8243; custom_padding=&#8221;|||&#8221; global_colors_info=&#8221;{}&#8221; custom_padding__hover=&#8221;|||&#8221;][et_pb_text admin_label=&#8221;TITRE &#8211; Pr\u00e9sentation Videos&#8221; _builder_version=&#8221;4.17.3&#8243; header_font=&#8221;||||||||&#8221; header_2_font=&#8221;|||on|||||&#8221; header_2_text_align=&#8221;center&#8221; header_2_text_color=&#8221;#1e6262&#8243; header_2_font_size=&#8221;28px&#8221; header_2_letter_spacing=&#8221;2px&#8221; hover_enabled=&#8221;0&#8243; global_colors_info=&#8221;{}&#8221; sticky_enabled=&#8221;0&#8243;]<\/p>\n<h2 class=\"p1\"><span class=\"--l --r hover:bg-blue-100 hover:dark:bg-blue-600\">VIDEO<\/span> <span class=\"--l --r hover:bg-blue-100 hover:dark:bg-blue-600\">PRESENTATION<\/span><\/h2>\n<p>[\/et_pb_text][\/et_pb_column][\/et_pb_row][et_pb_row column_structure=&#8221;1_2,1_2&#8243; disabled_on=&#8221;on|on|on&#8221; _builder_version=&#8221;4.16&#8243; disabled=&#8221;on&#8221; global_colors_info=&#8221;{}&#8221;][et_pb_column type=&#8221;1_2&#8243; _builder_version=&#8221;4.16&#8243; custom_padding=&#8221;|||&#8221; global_colors_info=&#8221;{}&#8221; custom_padding__hover=&#8221;|||&#8221;][et_pb_video src=&#8221;https:\/\/www.youtube.com\/watch?v=2bNlVMFW2IA&#038;list=UUrcj6_GnxtbSN5NEK4A9Wnw&#038;index=4&#8243; image_src=&#8221;\/\/i.ytimg.com\/vi\/2bNlVMFW2IA\/hqdefault.jpg&#8221; play_icon_color=&#8221;#39a09b&#8221; _builder_version=&#8221;4.16&#8243; global_colors_info=&#8221;{}&#8221;]<br \/>\n[\/et_pb_video][et_pb_text _builder_version=&#8221;4.16&#8243; text_font=&#8221;||||||||&#8221; text_text_color=&#8221;#1e6263&#8243; global_colors_info=&#8221;{}&#8221;]<\/p>\n<p><strong>Retrouvez le Village Flottant de Pressac dans l\u2019\u00e9mission BOUGEZ VERT sur Ushua\u00efa TV\u00a0!<\/strong><\/p>\n<p>[\/et_pb_text][\/et_pb_column][et_pb_column type=&#8221;1_2&#8243; _builder_version=&#8221;4.16&#8243; custom_padding=&#8221;|||&#8221; global_colors_info=&#8221;{}&#8221; custom_padding__hover=&#8221;|||&#8221;][et_pb_video src=&#8221;https:\/\/www.youtube.com\/watch?v=fQbLs7nbYFk&#038;list=UUrcj6_GnxtbSN5NEK4A9Wnw&#038;index=5&#8243; image_src=&#8221;\/\/i.ytimg.com\/vi\/fQbLs7nbYFk\/hqdefault.jpg&#8221; play_icon_color=&#8221;#39a09b&#8221; _builder_version=&#8221;4.16&#8243; global_colors_info=&#8221;{}&#8221;]<br \/>\n[\/et_pb_video][et_pb_text _builder_version=&#8221;4.16&#8243; text_font=&#8221;||||||||&#8221; text_text_color=&#8221;#1e6263&#8243; global_colors_info=&#8221;{}&#8221;]<\/p>\n<p><strong>Retrouvez le Village Flottant de Pressac dans l\u2019\u00e9mission \u00ab\u00a0Tout Compte Fait\u00a0\u00bb sur France 2 !<\/strong><\/p>\n<p>[\/et_pb_text][\/et_pb_column][\/et_pb_row][et_pb_row column_structure=&#8221;1_2,1_2&#8243; _builder_version=&#8221;4.16&#8243; global_colors_info=&#8221;{}&#8221;][et_pb_column type=&#8221;1_2&#8243; _builder_version=&#8221;4.16&#8243; custom_padding=&#8221;|||&#8221; global_colors_info=&#8221;{}&#8221; custom_padding__hover=&#8221;|||&#8221;][et_pb_video src=&#8221;https:\/\/www.youtube.com\/watch?v=fcAT2EDgdTs&#038;index=3&#038;list=UUrcj6_GnxtbSN5NEK4A9Wnw&#8221; image_src=&#8221;\/\/i.ytimg.com\/vi\/fcAT2EDgdTs\/hqdefault.jpg&#8221; play_icon_color=&#8221;#39a09b&#8221; _builder_version=&#8221;4.16&#8243; global_colors_info=&#8221;{}&#8221;]<br \/>\n[\/et_pb_video][et_pb_text _builder_version=&#8221;4.17.3&#8243; text_font=&#8221;||||||||&#8221; text_text_color=&#8221;#1e6263&#8243; hover_enabled=&#8221;0&#8243; global_colors_info=&#8221;{}&#8221; sticky_enabled=&#8221;0&#8243;]<\/p>\n<p><strong><span class=\"--l --r hover:bg-blue-100 hover:dark:bg-blue-600\">See<\/span> <span class=\"--l --r hover:bg-blue-100 hover:dark:bg-blue-600\">the<\/span> <span class=\"--l --r hover:bg-blue-100 hover:dark:bg-blue-600\">Village<\/span> <span class=\"--l --r hover:bg-blue-100 hover:dark:bg-blue-600\">Flottant<\/span> <span class=\"--l --r hover:bg-blue-100 hover:dark:bg-blue-600\">de<\/span> <span class=\"--l --r hover:bg-blue-100 hover:dark:bg-blue-600\">Pressac<\/span> <span class=\"--l --r hover:bg-blue-100 hover:dark:bg-blue-600\">featured<\/span> <span class=\"--l --r hover:bg-blue-100 hover:dark:bg-blue-600\">on<\/span> <span class=\"--l --r hover:bg-blue-100 hover:dark:bg-blue-600\">the<\/span> <span class=\"--l --r hover:bg-blue-100 hover:dark:bg-blue-600\">TV<\/span> <span class=\"--l --r hover:bg-blue-100 hover:dark:bg-blue-600\">show<\/span> <span class=\"--l --r hover:bg-blue-100 hover:dark:bg-blue-600\">AQUITAINE<\/span> <span class=\"--l --r hover:bg-blue-100 hover:dark:bg-blue-600\">LIMOUSIN<\/span> <span class=\"--l --r hover:bg-blue-100 hover:dark:bg-blue-600\">POITOU<\/span> <span class=\"--l --r hover:bg-blue-100 hover:dark:bg-blue-600\">CHARENTES<\/span>!<\/strong><\/p>\n<p>[\/et_pb_text][\/et_pb_column][et_pb_column type=&#8221;1_2&#8243; _builder_version=&#8221;4.16&#8243; custom_padding=&#8221;|||&#8221; global_colors_info=&#8221;{}&#8221; custom_padding__hover=&#8221;|||&#8221;][et_pb_video src=&#8221;https:\/\/www.youtube.com\/watch?v=cWAItP_xNok&#8221; image_src=&#8221;\/\/i.ytimg.com\/vi\/cWAItP_xNok\/hqdefault.jpg&#8221; play_icon_color=&#8221;#39a09b&#8221; thumbnail_overlay_color=&#8221;rgba(0,0,0,0.6)&#8221; _builder_version=&#8221;4.16&#8243; global_colors_info=&#8221;{}&#8221;]<br \/>\n[\/et_pb_video][et_pb_text _builder_version=&#8221;4.17.3&#8243; text_font=&#8221;||||||||&#8221; text_text_color=&#8221;#1e6263&#8243; hover_enabled=&#8221;0&#8243; global_colors_info=&#8221;{}&#8221; sticky_enabled=&#8221;0&#8243;]<\/p>\n<p><strong><span class=\"--l --r hover:bg-blue-100 hover:dark:bg-blue-600\">A<\/span> <span class=\"--l --r hover:bg-blue-100 hover:dark:bg-blue-600\">dynamic<\/span> <span class=\"--l --r hover:bg-blue-100 hover:dark:bg-blue-600\">day<\/span> <span class=\"--l --r hover:bg-blue-100 hover:dark:bg-blue-600\">at<\/span> <span class=\"--l --r hover:bg-blue-100 hover:dark:bg-blue-600\">the<\/span> <span class=\"--l --r hover:bg-blue-100 hover:dark:bg-blue-600\">Village<\/span> <span class=\"--l --r hover:bg-blue-100 hover:dark:bg-blue-600\">Flottant<\/span> <span class=\"--l --r hover:bg-blue-100 hover:dark:bg-blue-600\">de<\/span> <span class=\"--l --r hover:bg-blue-100 hover:dark:bg-blue-600\">Pressac<\/span><\/strong><\/p>\n<p>[\/et_pb_text][\/et_pb_column][\/et_pb_row][\/et_pb_section]<\/p>\n","protected":false},"excerpt":{"rendered":"<p>NEWSJe cherche :ACTUALIT\u00c9S CURRENT OFFERS<!-- The Grid Plugin Version 2.8.1 --><div class=\"tg-error-msg\" data-grid-name=\"Offres du moment\">No post was found with your current grid settings.&#xa;You should verify if you have posts inside the current selected post type(s) and if the meta key filter is not too much restrictive.<\/div>VIDEO PRESENTATION Retrouvez le Village Flottant de Pressac dans l\u2019\u00e9mission BOUGEZ VERT sur Ushua\u00efa TV\u00a0! Retrouvez le Village Flottant de Pressac dans l\u2019\u00e9mission \u00ab\u00a0Tout Compte Fait\u00a0\u00bb sur France 2 ! See the Village Flottant de Pressac featured on the TV show AQUITAINE LIMOUSIN POITOU CHARENTES! A dynamic day at the Village Flottant de Pressac<\/p>\n","protected":false},"author":9,"featured_media":0,"parent":0,"menu_order":0,"comment_status":"closed","ping_status":"closed","template":"","meta":{"_acf_changed":false,"_et_pb_use_builder":"on","_et_pb_old_content":"","_et_gb_content_width":"","inline_featured_image":false,"footnotes":""},"class_list":["post-82589","page","type-page","status-publish","hentry"],"acf":[],"aioseo_notices":[],"_links":{"self":[{"href":"https:\/\/village-flottant-pressac.com\/en\/wp-json\/wp\/v2\/pages\/82589","targetHints":{"allow":["GET"]}}],"collection":[{"href":"https:\/\/village-flottant-pressac.com\/en\/wp-json\/wp\/v2\/pages"}],"about":[{"href":"https:\/\/village-flottant-pressac.com\/en\/wp-json\/wp\/v2\/types\/page"}],"author":[{"embeddable":true,"href":"https:\/\/village-flottant-pressac.com\/en\/wp-json\/wp\/v2\/users\/9"}],"replies":[{"embeddable":true,"href":"https:\/\/village-flottant-pressac.com\/en\/wp-json\/wp\/v2\/comments?post=82589"}],"version-history":[{"count":2,"href":"https:\/\/village-flottant-pressac.com\/en\/wp-json\/wp\/v2\/pages\/82589\/revisions"}],"predecessor-version":[{"id":82593,"href":"https:\/\/village-flottant-pressac.com\/en\/wp-json\/wp\/v2\/pages\/82589\/revisions\/82593"}],"wp:attachment":[{"href":"https:\/\/village-flottant-pressac.com\/en\/wp-json\/wp\/v2\/media?parent=82589"}],"curies":[{"name":"wp","href":"https:\/\/api.w.org\/{rel}","templated":true}]}}