{"id":72619,"date":"2019-01-14T16:16:55","date_gmt":"2019-01-14T15:16:55","guid":{"rendered":"https:\/\/village-flottant-pressac-com.jda2.creatiwity.net\/reservation-volta\/"},"modified":"2021-07-22T12:21:01","modified_gmt":"2021-07-22T10:21:01","slug":"volta-reservierung","status":"publish","type":"page","link":"https:\/\/village-flottant-pressac.com\/de\/volta-reservierung\/","title":{"rendered":"Reservierung VOLTA"},"content":{"rendered":"<p>[et_pb_section fb_built=&#8220;1&#8243; fullwidth=&#8220;on&#8220; _builder_version=&#8220;3.22&#8243; locked=&#8220;off&#8220;][et_pb_fullwidth_slider show_arrows=&#8220;off&#8220; _builder_version=&#8220;4.7.4&#8243;][et_pb_slide use_bg_overlay=&#8220;off&#8220; use_text_overlay=&#8220;off&#8220; _builder_version=&#8220;4.7.4&#8243; background_color=&#8220;#ffffff&#8220; background_image=&#8220;https:\/\/village-flottant-pressac.com\/wp-content\/uploads\/2019\/01\/Bali_3_vf.jpg&#8220; button_on_hover=&#8220;on&#8220; custom_padding=&#8220;200px||200px||true&#8220; custom_padding_tablet=&#8220;200px||200px||true&#8220; custom_padding_phone=&#8220;200px||200px||true&#8220; sticky_transition=&#8220;on&#8220;][\/et_pb_slide][\/et_pb_fullwidth_slider][\/et_pb_section][et_pb_section fb_built=&#8220;1&#8243; _builder_version=&#8220;3.22&#8243; custom_padding=&#8220;30px|0px|30px|0px|true|false&#8220;][et_pb_row _builder_version=&#8220;3.25&#8243; background_size=&#8220;initial&#8220; background_position=&#8220;top_left&#8220; background_repeat=&#8220;repeat&#8220;][et_pb_column type=&#8220;4_4&#8243; _builder_version=&#8220;3.25&#8243; custom_padding=&#8220;|||&#8220; custom_padding__hover=&#8220;|||&#8220;][et_pb_text module_id=&#8220;form_cabane_lodge&#8220; _builder_version=&#8220;4.9.6&#8243; text_text_color=&#8220;#1e6262&#8243; header_font=&#8220;News Cycle|||on|||||&#8220; header_text_align=&#8220;left&#8220; header_text_color=&#8220;#1e6262&#8243; header_font_size=&#8220;36px&#8220; header_letter_spacing=&#8220;2px&#8220; hover_enabled=&#8220;0&#8243; z_index_tablet=&#8220;500&#8243; sticky_enabled=&#8220;0&#8243;]<\/p>\n<h1>VERF\u00dcGBARKEIT F\u00dcR DIE H\u00dcTTE<br \/>&#8222;VOLTA&#8220;<\/h1>\n<p>[\/et_pb_text][et_pb_code _builder_version=&#8220;4.9.6&#8243; hover_enabled=&#8220;0&#8243; z_index_tablet=&#8220;500&#8243; sticky_enabled=&#8220;0&#8243;]<iframe loading=\"lazy\" scrolling=\"auto\" height=\"100%\" id=\"\" frameborder=\"no\" width=\"100%\" src=\"https:\/\/secure.reservit.com\/reservit\/reserhotel.php?lang=DE&#038;id=2&#038;hotelid=428943&#038;roomtcode=434368&#038;nbadt=2\" allowtransparency=\"true\" style=\"margin-top: 10px; background-color: transparent; height: 1080px;\"><\/iframe>[\/et_pb_code][\/et_pb_column][\/et_pb_row][\/et_pb_section]<\/p>\n","protected":false},"excerpt":{"rendered":"<p>VERF\u00dcGBARKEIT F\u00dcR DIE H\u00dcTTE&#8220;VOLTA&#8220;<\/p>\n","protected":false},"author":14,"featured_media":0,"parent":0,"menu_order":0,"comment_status":"closed","ping_status":"closed","template":"","meta":{"_acf_changed":false,"_et_pb_use_builder":"on","_et_pb_old_content":"","_et_gb_content_width":"","inline_featured_image":false,"footnotes":""},"class_list":["post-72619","page","type-page","status-publish","hentry"],"acf":[],"aioseo_notices":[],"_links":{"self":[{"href":"https:\/\/village-flottant-pressac.com\/de\/wp-json\/wp\/v2\/pages\/72619","targetHints":{"allow":["GET"]}}],"collection":[{"href":"https:\/\/village-flottant-pressac.com\/de\/wp-json\/wp\/v2\/pages"}],"about":[{"href":"https:\/\/village-flottant-pressac.com\/de\/wp-json\/wp\/v2\/types\/page"}],"author":[{"embeddable":true,"href":"https:\/\/village-flottant-pressac.com\/de\/wp-json\/wp\/v2\/users\/14"}],"replies":[{"embeddable":true,"href":"https:\/\/village-flottant-pressac.com\/de\/wp-json\/wp\/v2\/comments?post=72619"}],"version-history":[{"count":0,"href":"https:\/\/village-flottant-pressac.com\/de\/wp-json\/wp\/v2\/pages\/72619\/revisions"}],"wp:attachment":[{"href":"https:\/\/village-flottant-pressac.com\/de\/wp-json\/wp\/v2\/media?parent=72619"}],"curies":[{"name":"wp","href":"https:\/\/api.w.org\/{rel}","templated":true}]}}