{"id":72366,"date":"2018-11-27T10:09:16","date_gmt":"2018-11-27T09:09:16","guid":{"rendered":"https:\/\/village-flottant-pressac-com.jda2.creatiwity.net\/mentions-legales\/"},"modified":"2021-07-21T18:04:51","modified_gmt":"2021-07-21T16:04:51","slug":"impressum","status":"publish","type":"page","link":"https:\/\/village-flottant-pressac.com\/de\/impressum\/","title":{"rendered":"Impressum"},"content":{"rendered":"<p>[et_pb_section fb_built=&#8220;1&#8243; fullwidth=&#8220;on&#8220; _builder_version=&#8220;3.22&#8243;][et_pb_fullwidth_slider show_arrows=&#8220;off&#8220; _builder_version=&#8220;3.18.9&#8243;][et_pb_slide use_bg_overlay=&#8220;off&#8220; use_text_overlay=&#8220;off&#8220; _builder_version=&#8220;3.18.9&#8243; background_color=&#8220;#ffffff&#8220; background_image=&#8220;https:\/\/village-flottant-pressac.com\/wp-content\/uploads\/2018\/12\/IMAG0503-1920&#215;950-1.jpg&#8220; button_on_hover=&#8220;on&#8220; custom_padding=&#8220;200px||200px||true&#8220; custom_padding_tablet=&#8220;200px||200px||true&#8220; custom_padding_phone=&#8220;200px||200px||true&#8220; sticky_transition=&#8220;on&#8220;][\/et_pb_slide][\/et_pb_fullwidth_slider][\/et_pb_section][et_pb_section fb_built=&#8220;1&#8243; _builder_version=&#8220;3.22&#8243;][et_pb_row _builder_version=&#8220;3.25&#8243; background_size=&#8220;initial&#8220; background_position=&#8220;top_left&#8220; background_repeat=&#8220;repeat&#8220;][et_pb_column type=&#8220;4_4&#8243; _builder_version=&#8220;3.25&#8243; custom_padding=&#8220;|||&#8220; custom_padding__hover=&#8220;|||&#8220;][et_pb_text _builder_version=&#8220;4.9.6&#8243; header_font=&#8220;News Cycle|700||on|||||&#8220; header_text_align=&#8220;left&#8220; header_text_color=&#8220;#1e6262&#8243; header_font_size=&#8220;28px&#8220; header_letter_spacing=&#8220;2px&#8220; header_2_font=&#8220;News Cycle|700||on|||||&#8220; header_2_text_align=&#8220;left&#8220; header_2_text_color=&#8220;#1e6262&#8243; header_2_font_size=&#8220;28px&#8220; header_2_letter_spacing=&#8220;2px&#8220; hover_enabled=&#8220;0&#8243; sticky_enabled=&#8220;0&#8243;]<\/p>\n<h1 class=\"p1\">IMPRESSUM<\/h1>\n<p>[\/et_pb_text][et_pb_text _builder_version=&#8220;4.9.6&#8243; text_font=&#8220;||||||||&#8220; text_text_color=&#8220;#1e6263&#8243; header_font=&#8220;||||||||&#8220; header_text_align=&#8220;left&#8220; header_text_color=&#8220;#1e6262&#8243; header_font_size=&#8220;28px&#8220; header_letter_spacing=&#8220;2px&#8220; header_2_font=&#8220;||||||||&#8220; header_2_text_align=&#8220;left&#8220; header_2_text_color=&#8220;#1e6262&#8243; header_2_font_size=&#8220;28px&#8220; header_2_letter_spacing=&#8220;2px&#8220; text_orientation=&#8220;justified&#8220; hover_enabled=&#8220;0&#8243; sticky_enabled=&#8220;0&#8243;]<\/p>\n<h2 class=\"p1\"><strong>Seitenbetreiber\/ Verantwortlicher:<\/strong><\/h2>\n<p class=\"p1\">Antoine THIBAUD<br \/>SNC PRESSAC LOISIRS, 39, rue Washington 75008 PARIS<\/p>\n<p>[\/et_pb_text][et_pb_text _builder_version=&#8220;4.9.6&#8243; text_font=&#8220;||||||||&#8220; text_text_color=&#8220;#1e6263&#8243; header_font=&#8220;||||||||&#8220; header_text_align=&#8220;left&#8220; header_text_color=&#8220;#1e6262&#8243; header_font_size=&#8220;28px&#8220; header_letter_spacing=&#8220;2px&#8220; header_2_font=&#8220;||||||||&#8220; header_2_text_align=&#8220;left&#8220; header_2_text_color=&#8220;#1e6262&#8243; header_2_font_size=&#8220;28px&#8220; header_2_letter_spacing=&#8220;2px&#8220; text_orientation=&#8220;justified&#8220; hover_enabled=&#8220;0&#8243; sticky_enabled=&#8220;0&#8243;]<\/p>\n<h2 class=\"p1\"><b>Web-Hosting :\u00a0<\/b><\/h2>\n<p class=\"p1\"><span>OVH SAS au capital de 10\u00a0069\u00a0020\u00a0\u20ac\u00a0 \u2013 RCS Roubaix \u2013 Tourcoing 424 761 419 00045 \u2013 Code APE 2620Z \u2013 N\u00b0 TVA : FR 22 424 761 419 \u2013 Si\u00e8ge social : 2 rue Kellermann \u2013 59100 Roubaix \u2013 France.<\/span><\/p>\n<p>[\/et_pb_text][et_pb_text _builder_version=&#8220;4.9.6&#8243; text_font=&#8220;||||||||&#8220; text_text_color=&#8220;#1e6263&#8243; link_font=&#8220;|600|||on||||&#8220; link_text_color=&#8220;#1e6263&#8243; header_text_align=&#8220;left&#8220; header_text_color=&#8220;#1e6262&#8243; header_font_size=&#8220;28px&#8220; header_letter_spacing=&#8220;2px&#8220; header_2_text_align=&#8220;left&#8220; header_2_text_color=&#8220;#1e6262&#8243; header_2_font_size=&#8220;28px&#8220; header_2_letter_spacing=&#8220;2px&#8220; text_orientation=&#8220;justified&#8220;]<\/p>\n<h2 class=\"p1\"><span class=\"s1\"><b>Website-Erstellung :<\/b><\/span><\/h2>\n<p><a href=\"https:\/\/ouicom.fr\"><img loading=\"lazy\" decoding=\"async\" class=\"alignnone wp-image-72367\" src=\"https:\/\/village-flottant-pressac.com\/wp-content\/uploads\/2018\/12\/LOGO-OUICOM-300x66.png\" alt=\"\" width=\"68\" height=\"15\" \/><\/a><\/p>\n<p>4 Rue Pitois<br \/>92800 Puteaux<\/p>\n<p>Site web :\u00a0<a title=\"Ouicom* l'agence\" href=\"https:\/\/www.ouicom.fr\/\" target=\"_blank\" rel=\"noopener noreferrer\">www.ouicom.fr<\/a><\/p>\n<p>[\/et_pb_text][et_pb_text _builder_version=&#8220;4.9.6&#8243; text_font=&#8220;||||||||&#8220; text_text_color=&#8220;#1e6263&#8243; header_font=&#8220;||||||||&#8220; header_text_align=&#8220;left&#8220; header_text_color=&#8220;#1e6262&#8243; header_font_size=&#8220;28px&#8220; header_letter_spacing=&#8220;2px&#8220; header_2_font=&#8220;||||||||&#8220; header_2_text_align=&#8220;left&#8220; header_2_text_color=&#8220;#1e6262&#8243; header_2_font_size=&#8220;28px&#8220; header_2_letter_spacing=&#8220;2px&#8220; text_orientation=&#8220;justified&#8220; hover_enabled=&#8220;0&#8243; sticky_enabled=&#8220;0&#8243;]<\/p>\n<h2 class=\"p1\"><strong>Bildnachweis :<\/strong><\/h2>\n<p class=\"p1\"><span class=\"s1\">SNC Pressac Loisirs \/ Shutterstock \/ Getty Images<\/span><\/p>\n<p>[\/et_pb_text][et_pb_text _builder_version=&#8220;4.9.6&#8243; text_font=&#8220;||||||||&#8220; text_text_color=&#8220;#1e6263&#8243; header_font=&#8220;||||||||&#8220; header_text_align=&#8220;left&#8220; header_text_color=&#8220;#1e6262&#8243; header_font_size=&#8220;28px&#8220; header_letter_spacing=&#8220;2px&#8220; header_2_font=&#8220;||||||||&#8220; header_2_text_align=&#8220;left&#8220; header_2_text_color=&#8220;#1e6262&#8243; header_2_font_size=&#8220;28px&#8220; header_2_letter_spacing=&#8220;2px&#8220; text_orientation=&#8220;justified&#8220; hover_enabled=&#8220;0&#8243; sticky_enabled=&#8220;0&#8243;]<\/p>\n<h2 class=\"p1\"><span class=\"s1\"><b>Vervielf\u00e4ltigungsrechte :<\/b><\/span><\/h2>\n<p class=\"p1\">Die auf dieser Site pr\u00e4sentierten Informationen sind \u00f6ffentlich. Die Vervielf\u00e4ltigung der Seiten dieser Website ist unter der Bedingung gestattet, die Quelle zu nennen und einen Link auf die Referenzseite(n) zu setzen. Sie d\u00fcrfen nicht f\u00fcr kommerzielle oder Werbezwecke verwendet werden.<\/p>\n<p>[\/et_pb_text][et_pb_text _builder_version=&#8220;4.9.6&#8243; text_font=&#8220;||||||||&#8220; text_text_color=&#8220;#1e6263&#8243; link_font=&#8220;||||on||||&#8220; link_text_color=&#8220;#1e6263&#8243; header_font=&#8220;||||||||&#8220; header_text_align=&#8220;left&#8220; header_text_color=&#8220;#1e6262&#8243; header_font_size=&#8220;28px&#8220; header_letter_spacing=&#8220;2px&#8220; header_2_font=&#8220;||||||||&#8220; header_2_text_align=&#8220;left&#8220; header_2_text_color=&#8220;#1e6262&#8243; header_2_font_size=&#8220;28px&#8220; header_2_letter_spacing=&#8220;2px&#8220; text_orientation=&#8220;justified&#8220; hover_enabled=&#8220;0&#8243; sticky_enabled=&#8220;0&#8243;]<\/p>\n<h2 class=\"p1\"><span class=\"s1\"><b>Pers\u00f6nliche Daten :<\/b><\/span><\/h2>\n<p>Wenn die Daten auf dieser Website nominativ sind, m\u00fcssen die Benutzer sie in \u00dcbereinstimmung mit den geltenden Vorschriften und den Empfehlungen der Nationalen Kommission f\u00fcr Informatik und Freiheiten (CNIL) verwenden.<\/p>\n<p>Die von Ihnen auf der Site eingegebenen Informationen k\u00f6nnen zur ausschlie\u00dflichen Verarbeitung durch den Site-Manager \/ Ver\u00f6ffentlichungsleiter gespeichert werden. Sie haben das Recht auf Zugang, \u00c4nderung, Berichtigung und L\u00f6schung der auf dieser Website gesammelten Daten gem\u00e4\u00df den Bedingungen des Gesetzes Nr. 78-17 vom 6. Januar 1978 \u00fcber Datenverarbeitung, Dateien und Freiheiten. Um dieses Recht auszu\u00fcben, wenden Sie sich an den <a href=\"\/de\/kontakt\">Site-Manager<\/a>. Wenn Sie Links oder Partner austauschen m\u00f6chten, kontaktieren Sie uns bitte.<\/p>\n<p>[\/et_pb_text][\/et_pb_column][\/et_pb_row][\/et_pb_section]<\/p>\n","protected":false},"excerpt":{"rendered":"<p>IMPRESSUMSeitenbetreiber\/ Verantwortlicher: Antoine THIBAUDSNC PRESSAC LOISIRS, 39, rue Washington 75008 PARISWeb-Hosting :\u00a0 OVH SAS au capital de 10\u00a0069\u00a0020\u00a0\u20ac\u00a0 \u2013 RCS Roubaix \u2013 Tourcoing 424 761 419 00045 \u2013 Code APE 2620Z \u2013 N\u00b0 TVA : FR 22 424 761 419 \u2013 Si\u00e8ge social : 2 rue Kellermann \u2013 59100 Roubaix \u2013 France.Website-Erstellung : 4 Rue Pitois92800 Puteaux Site web :\u00a0www.ouicom.frBildnachweis : SNC Pressac Loisirs \/ Shutterstock \/ Getty ImagesVervielf\u00e4ltigungsrechte : Die auf dieser Site pr\u00e4sentierten Informationen sind \u00f6ffentlich. Die Vervielf\u00e4ltigung der Seiten dieser Website ist unter der Bedingung gestattet, die Quelle zu nennen und einen Link auf die Referenzseite(n) zu setzen. Sie d\u00fcrfen nicht f\u00fcr kommerzielle oder Werbezwecke verwendet werden.Pers\u00f6nliche Daten : Wenn die Daten auf dieser Website nominativ sind, m\u00fcssen die Benutzer sie in \u00dcbereinstimmung mit den geltenden Vorschriften und den Empfehlungen der Nationalen Kommission f\u00fcr Informatik und Freiheiten (CNIL) verwenden. Die von Ihnen auf der Site eingegebenen Informationen k\u00f6nnen zur ausschlie\u00dflichen Verarbeitung durch den Site-Manager \/ Ver\u00f6ffentlichungsleiter gespeichert werden. Sie haben das Recht auf Zugang, \u00c4nderung, Berichtigung und L\u00f6schung der auf dieser Website gesammelten Daten gem\u00e4\u00df den Bedingungen des Gesetzes Nr. 78-17 vom 6. Januar 1978 \u00fcber Datenverarbeitung, Dateien und Freiheiten. Um dieses Recht auszu\u00fcben, wenden Sie sich an den Site-Manager. Wenn Sie Links oder Partner austauschen m\u00f6chten, kontaktieren Sie uns bitte.<\/p>\n","protected":false},"author":9,"featured_media":0,"parent":0,"menu_order":0,"comment_status":"closed","ping_status":"closed","template":"","meta":{"_acf_changed":false,"_et_pb_use_builder":"on","_et_pb_old_content":"","_et_gb_content_width":"","inline_featured_image":false,"footnotes":""},"class_list":["post-72366","page","type-page","status-publish","hentry"],"acf":[],"aioseo_notices":[],"_links":{"self":[{"href":"https:\/\/village-flottant-pressac.com\/de\/wp-json\/wp\/v2\/pages\/72366","targetHints":{"allow":["GET"]}}],"collection":[{"href":"https:\/\/village-flottant-pressac.com\/de\/wp-json\/wp\/v2\/pages"}],"about":[{"href":"https:\/\/village-flottant-pressac.com\/de\/wp-json\/wp\/v2\/types\/page"}],"author":[{"embeddable":true,"href":"https:\/\/village-flottant-pressac.com\/de\/wp-json\/wp\/v2\/users\/9"}],"replies":[{"embeddable":true,"href":"https:\/\/village-flottant-pressac.com\/de\/wp-json\/wp\/v2\/comments?post=72366"}],"version-history":[{"count":0,"href":"https:\/\/village-flottant-pressac.com\/de\/wp-json\/wp\/v2\/pages\/72366\/revisions"}],"wp:attachment":[{"href":"https:\/\/village-flottant-pressac.com\/de\/wp-json\/wp\/v2\/media?parent=72366"}],"curies":[{"name":"wp","href":"https:\/\/api.w.org\/{rel}","templated":true}]}}