{"id":69885,"date":"2018-12-13T16:45:44","date_gmt":"2018-12-13T15:45:44","guid":{"rendered":"https:\/\/village-flottant-pressac-com.jda2.creatiwity.net\/partenaires\/"},"modified":"2021-06-17T16:56:32","modified_gmt":"2021-06-17T14:56:32","slug":"partner","status":"publish","type":"page","link":"https:\/\/village-flottant-pressac.com\/de\/partner\/","title":{"rendered":"Partner"},"content":{"rendered":"<p>[et_pb_section fb_built=&#8220;1&#8243; fullwidth=&#8220;on&#8220; _builder_version=&#8220;3.22&#8243;][et_pb_fullwidth_slider show_arrows=&#8220;off&#8220; _builder_version=&#8220;3.18.6&#8243;][et_pb_slide use_bg_overlay=&#8220;off&#8220; use_text_overlay=&#8220;off&#8220; _builder_version=&#8220;3.18.6&#8243; background_color=&#8220;#ffffff&#8220; background_image=&#8220;https:\/\/village-flottant-pressac.com\/wp-content\/uploads\/2018\/11\/IMG_8019-1920&#215;750.jpg&#8220; button_on_hover=&#8220;on&#8220; custom_padding=&#8220;200px||200px||true&#8220; sticky_transition=&#8220;on&#8220;][\/et_pb_slide][\/et_pb_fullwidth_slider][\/et_pb_section][et_pb_section fb_built=&#8220;1&#8243; disabled_on=&#8220;off|off|off&#8220; module_id=&#8220;form_gene&#8220; _builder_version=&#8220;4.7.4&#8243; background_color=&#8220;rgba(0,0,0,0)&#8220; custom_margin=&#8220;||&#8220; custom_padding=&#8220;1px||1px||true|true&#8220; z_index_tablet=&#8220;500&#8243; custom_css_main_element=&#8220; z-index: 100;||&#8220; saved_tabs=&#8220;all&#8220; locked=&#8220;off&#8220; collapsed=&#8220;off&#8220;][et_pb_row column_structure=&#8220;1_5,1_5,3_5&#8243; use_custom_gutter=&#8220;on&#8220; gutter_width=&#8220;1&#8243; disabled_on=&#8220;on|on|on&#8220; module_class=&#8220;form_nova&#8220; _builder_version=&#8220;4.4.3&#8243; background_color=&#8220;#ffffff&#8220; custom_margin=&#8220;-85px||||false|false&#8220; custom_padding=&#8220;20px|20px|20px|20px|true|true&#8220; disabled=&#8220;on&#8220; collapsed=&#8220;on&#8220;][et_pb_column type=&#8220;1_5&#8243; _builder_version=&#8220;3.0.47&#8243; custom_padding=&#8220;|0px||&#8220; custom_css_main_element=&#8220;width:15% !important;&#8220; custom_padding__hover=&#8220;|||&#8220;][et_pb_text _builder_version=&#8220;4.0.9&#8243; text_text_color=&#8220;#39a09b&#8220;]<\/p>\n<p>Je cherche :<\/p>\n<p>[\/et_pb_text][\/et_pb_column][et_pb_column type=&#8220;1_5&#8243; _builder_version=&#8220;3.0.47&#8243; custom_padding=&#8220;|0px||&#8220; custom_css_main_element=&#8220;width:30%!important;&#8220; custom_padding__hover=&#8220;|||&#8220;][et_pb_code module_id=&#8220;form_general_tous&#8220; module_class=&#8220;code_form_general_novaresa &#8220; _builder_version=&#8220;4.4.3&#8243;]<\/p>\n<div class=\"select-form-general\"><!-- [et_pb_line_break_holder] --><select id=\"select\" class=\"design_select_form_novaresa\"><!-- [et_pb_line_break_holder] --><option id=\"1\" name=\"tous\" value=\"tous\">Tous<\/option><!-- [et_pb_line_break_holder] --><option id=\"2\" name=\"lodges\" value=\"lodges\">Lodges<\/option><!-- [et_pb_line_break_holder] --><option id=\"3\" name=\"cabanes duo\" value=\"cabanes duo\">Cabanes DUO (2-3 pers. max)<\/option><!-- [et_pb_line_break_holder] --><option id=\"4\" name=\"cabanes familiales\" value=\"cabanes familiales\">Cabanes FAMILIALES (4 pers. min)<\/option><!-- [et_pb_line_break_holder] --><option id=\"5\" name=\"tentes safaris\" value=\"tentes safaris\">Tentes Safari<\/option><!-- [et_pb_line_break_holder] -->  <\/select><!-- [et_pb_line_break_holder] --><\/div>\n<p>[\/et_pb_code][\/et_pb_column][et_pb_column type=&#8220;3_5&#8243; _builder_version=&#8220;3.0.47&#8243; custom_padding=&#8220;|||&#8220; custom_css_main_element=&#8220;width:55%!important;&#8220; custom_padding__hover=&#8220;|||&#8220;][et_pb_code module_id=&#8220;formtous&#8220; module_class=&#8220;code_form_general_novaresa&#8220; _builder_version=&#8220;3.19.9&#8243;]<\/p>\n<form id=\"form1\" class=\"form_general_novaresa\" method=\"get\" action=\"https:\/\/village-flottant-pressac.com\/reservation\/\"><!-- [et_pb_line_break_holder] -->  <input placeholder=\"Arriv\u00e9e\" type=\"text\" class=\"design_form_novaresa picto_reservation date\" id=\"from\"name=\"date_from\" required=\"Mettre la date d'arriv\u00e9e\"\/><!-- [et_pb_line_break_holder] -->  <input placeholder=\"D\u00e9part\" type=\"text\" class=\"design_form_novaresa picto_reservation date\" id=\"to\" name=\"date_to\" required=\"Mettre la date de d\u00e9part\"\/><!-- [et_pb_line_break_holder] -->   <input class=\"button_submit design_form_button_novaresa\" type=\"submit\" value=\"Rechercher\" \/><!-- [et_pb_line_break_holder] --><\/form>\n<p>[\/et_pb_code][et_pb_code module_id=&#8220;formlodge&#8220; module_class=&#8220;code_form_general_novaresa&#8220; _builder_version=&#8220;3.19.9&#8243;]<\/p>\n<form id=\"form2\" class=\"form_general_novaresa\" method=\"get\" action=\"https:\/\/village-flottant-pressac.com\/reservation-lodges\/\"><!-- [et_pb_line_break_holder] -->  <input placeholder=\"Arriv\u00e9e\" type=\"text\" class=\"design_form_novaresa picto_reservation date\" id=\"fromcab\" name=\"date_from\" required=\"Mettre la date d'arriv\u00e9e\"\/><!-- [et_pb_line_break_holder] -->  <input placeholder=\"D\u00e9part\" type=\"text\" class=\"design_form_novaresa picto_reservation date\" id=\"tocab\" name=\"date_to\" required=\"Mettre la date de d\u00e9part\"\/><!-- [et_pb_line_break_holder] -->  <input class=\"button_submit design_form_button_novaresa\" type=\"submit\" value=\"Rechercher\" \/><!-- [et_pb_line_break_holder] --><\/form>\n<p>[\/et_pb_code][et_pb_code module_id=&#8220;formcab&#8220; module_class=&#8220;code_form_general_novaresa&#8220; _builder_version=&#8220;3.19.9&#8243;]<\/p>\n<form id=\"form3\" class=\"form_general_novaresa\" method=\"get\" action=\"https:\/\/village-flottant-pressac.com\/reservation-cabanes-duo\/\"><!-- [et_pb_line_break_holder] -->  <input placeholder=\"Arriv\u00e9e\" type=\"text\" class=\"design_form_novaresa picto_reservation date\" id=\"fromlodge\" name=\"date_from\" required=\"Mettre la date d'arriv\u00e9e\"\/><!-- [et_pb_line_break_holder] -->  <input placeholder=\"D\u00e9part\" type=\"text\" class=\"design_form_novaresa picto_reservation date\" id=\"tocabane\" name=\"date_to\" required=\"Mettre la date de d\u00e9part\"\/><!-- [et_pb_line_break_holder] -->  <input class=\"button_submit design_form_button_novaresa\" type=\"submit\" value=\"Rechercher\" \/><!-- [et_pb_line_break_holder] --><\/form>\n<p>[\/et_pb_code][et_pb_code module_id=&#8220;formfam&#8220; module_class=&#8220;code_form_general_novaresa&#8220; _builder_version=&#8220;3.19.9&#8243;]<\/p>\n<form id=\"form4\" class=\"form_general_novaresa\" method=\"get\" action=\"https:\/\/village-flottant-pressac.com\/reservation-cabanes-familiales\/\"><!-- [et_pb_line_break_holder] -->  <input placeholder=\"Arriv\u00e9e\" type=\"text\" class=\"design_form_novaresa picto_reservation date\" id=\"fromfamiliales\" name=\"date_from\" required=\"Mettre la date d'arriv\u00e9e\"\/><!-- [et_pb_line_break_holder] -->  <input placeholder=\"D\u00e9part\" type=\"text\" class=\"design_form_novaresa picto_reservation date\" id=\"tofamiliales\" name=\"date_to\" required=\"Mettre la date de d\u00e9part\"\/><!-- [et_pb_line_break_holder] -->  <input class=\"button_submit design_form_button_novaresa\" type=\"submit\" value=\"Rechercher\" \/><!-- [et_pb_line_break_holder] --><\/form>\n<p>[\/et_pb_code][et_pb_code disabled_on=&#8220;off|off|off&#8220; module_id=&#8220;formtente&#8220; module_class=&#8220;code_form_general_novaresa&#8220; _builder_version=&#8220;4.4.3&#8243;]<\/p>\n<form id=\"form5\" class=\"form_general_novaresa\" method=\"get\" action=\"https:\/\/village-flottant-pressac.com\/reservation-tentes\"><!-- [et_pb_line_break_holder] -->  <input placeholder=\"Arriv\u00e9e\" type=\"text\" class=\"design_form_novaresa picto_reservation date\" id=\"fromtente\" name=\"date_from\" required=\"Mettre la date d'arriv\u00e9e\"\/><!-- [et_pb_line_break_holder] -->  <input placeholder=\"D\u00e9part\" type=\"text\" class=\"design_form_novaresa picto_reservation date\" id=\"totente\" name=\"date_to\" required=\"Mettre la date de d\u00e9part\"\/><!-- [et_pb_line_break_holder] -->  <input class=\"button_submit design_form_button_novaresa\" type=\"submit\" value=\"Rechercher\" \/><!-- [et_pb_line_break_holder] --><\/form>\n<p>[\/et_pb_code][\/et_pb_column][\/et_pb_row][et_pb_row use_custom_gutter=&#8220;on&#8220; gutter_width=&#8220;1&#8243; disabled_on=&#8220;off|off|off&#8220; module_class=&#8220;form_nova&#8220; _builder_version=&#8220;4.7.4&#8243; background_color=&#8220;#ffffff&#8220; width=&#8220;100%&#8220; module_alignment=&#8220;center&#8220; custom_margin=&#8220;-45px||||false|false&#8220; custom_padding=&#8220;20px|20px|20px|20px|true|true&#8220; sticky_position=&#8220;bottom&#8220; sticky_limit_top=&#8220;body&#8220;][et_pb_column type=&#8220;4_4&#8243; _builder_version=&#8220;4.6.6&#8243; custom_padding=&#8220;|0px||&#8220; custom_padding__hover=&#8220;|||&#8220;][et_pb_button button_url=&#8220;@ET-DC@eyJkeW5hbWljIjp0cnVlLCJjb250ZW50IjoicG9zdF9saW5rX3VybF9wYWdlIiwic2V0dGluZ3MiOnsicG9zdF9pZCI6IjIwNjgifX0=@&#8220; button_text=&#8220;BUCHEN SIE IHREN AUFENTHALT IN VILLAGE FLOTTANT VON PRESSAC&#8220; button_alignment=&#8220;center&#8220; disabled_on=&#8220;off|off|off&#8220; admin_label=&#8220;Bouton RESERVATION&#8220; _builder_version=&#8220;4.9.6&#8243; _dynamic_attributes=&#8220;button_url&#8220; _module_preset=&#8220;default&#8220; hover_enabled=&#8220;0&#8243; sticky_enabled=&#8220;0&#8243;][\/et_pb_button][et_pb_button button_url=&#8220;tel:0586160225&#8243; button_text=&#8220;R\u00e9server par t\u00e9l\u00e9phone au 05 86 16 02 25&#8243; button_alignment=&#8220;center&#8220; disabled_on=&#8220;on|on|on&#8220; _builder_version=&#8220;4.7.4&#8243; _module_preset=&#8220;default&#8220; disabled=&#8220;on&#8220;][\/et_pb_button][\/et_pb_column][\/et_pb_row][\/et_pb_section][et_pb_section fb_built=&#8220;1&#8243; _builder_version=&#8220;3.22&#8243; custom_padding=&#8220;30px|0px|30px|0px|true|false&#8220; background__hover_enabled=&#8220;on&#8220;][et_pb_row _builder_version=&#8220;3.25&#8243; background_size=&#8220;initial&#8220; background_position=&#8220;top_left&#8220; background_repeat=&#8220;repeat&#8220;][et_pb_column type=&#8220;4_4&#8243; _builder_version=&#8220;3.25&#8243; custom_padding=&#8220;|||&#8220; custom_padding__hover=&#8220;|||&#8220;][et_pb_text admin_label=&#8220;TITRE &#8211; Partenaires : r\u00e9f\u00e9rences, clients, amis, monde des loisirs&#8220; _builder_version=&#8220;4.9.6&#8243; header_2_font=&#8220;News Cycle|||on|||||&#8220; header_2_text_align=&#8220;center&#8220; header_2_text_color=&#8220;#1e6262&#8243; header_2_font_size=&#8220;28px&#8220; header_2_letter_spacing=&#8220;2px&#8220; hover_enabled=&#8220;0&#8243; sticky_enabled=&#8220;0&#8243;]<\/p>\n<h2 class=\"p1\"><span class=\"s1\">PARTNER: REFERENZEN, KUNDEN, FREUNDE, FREIZEITWELT<\/span><\/h2>\n<p>[\/et_pb_text][\/et_pb_column][\/et_pb_row][et_pb_row column_structure=&#8220;1_3,1_3,1_3&#8243; disabled_on=&#8220;off|on|off&#8220; _builder_version=&#8220;3.25&#8243;][et_pb_column type=&#8220;1_3&#8243; _builder_version=&#8220;3.25&#8243; custom_padding=&#8220;|||&#8220; custom_padding__hover=&#8220;|||&#8220;][et_pb_image src=&#8220;https:\/\/village-flottant-pressac.com\/wp-content\/uploads\/2018\/12\/tourisme-vienne.jpg&#8220; url=&#8220;http:\/\/www.tourisme-vienne.com\/&#8220; url_new_window=&#8220;on&#8220; align=&#8220;center&#8220; align_tablet=&#8220;center&#8220; align_phone=&#8220;&#8220; align_last_edited=&#8220;on|desktop&#8220; admin_label=&#8220;IMAGE &#8211; Tourisme Vienne&#8220; _builder_version=&#8220;4.8.1&#8243; module_alignment=&#8220;center&#8220;]<\/p>\n<p>[\/et_pb_image][et_pb_image src=&#8220;https:\/\/village-flottant-pressac.com\/wp-content\/uploads\/2018\/12\/svg-logo.jpg&#8220; url=&#8220;https:\/\/www.sudviennepoitou.com\/&#8220; url_new_window=&#8220;on&#8220; align=&#8220;center&#8220; align_tablet=&#8220;center&#8220; align_phone=&#8220;&#8220; align_last_edited=&#8220;on|desktop&#8220; admin_label=&#8220;IMAGE &#8211; SUD VIENNE POITOU&#8220; _builder_version=&#8220;4.8.1&#8243;]<\/p>\n<p>[\/et_pb_image][et_pb_image src=&#8220;https:\/\/village-flottant-pressac.com\/wp-content\/uploads\/2021\/02\/logo-babel.jpg&#8220; title_text=&#8220;logo-babel&#8220; url=&#8220;https:\/\/babel-voyages.com\/fr\/se-la-couler-douce-dans-le-village-flottant-de-pressac&#8220; url_new_window=&#8220;on&#8220; align=&#8220;center&#8220; admin_label=&#8220;IMAGE &#8211; BABEL VOYAGE&#8220; _builder_version=&#8220;4.8.1&#8243; _module_preset=&#8220;default&#8220;][\/et_pb_image][\/et_pb_column][et_pb_column type=&#8220;1_3&#8243; _builder_version=&#8220;3.25&#8243; custom_padding=&#8220;|||&#8220; custom_padding__hover=&#8220;|||&#8220;][et_pb_image src=&#8220;https:\/\/village-flottant-pressac.com\/wp-content\/uploads\/2018\/12\/cabanes-de-la-chaussee.jpg&#8220; url=&#8220;https:\/\/www.cabanesdelachaussee.com\/&#8220; url_new_window=&#8220;on&#8220; align=&#8220;center&#8220; align_tablet=&#8220;center&#8220; align_phone=&#8220;&#8220; align_last_edited=&#8220;on|desktop&#8220; admin_label=&#8220;Image &#8211; Camping dans les arbres&#8220; _builder_version=&#8220;4.8.1&#8243;]<\/p>\n<p>[\/et_pb_image][et_pb_image src=&#8220;https:\/\/village-flottant-pressac.com\/wp-content\/uploads\/2018\/12\/ce-multi-entreprises.jpg&#8220; url=&#8220;http:\/\/www.ce-multi-entreprises.com\/vacances-week-end\/vacances-insolites\/produit\/562-village-flottant-de-pressac\/1220-au-fil-de-l-eau.html&#8220; url_new_window=&#8220;on&#8220; align=&#8220;center&#8220; align_tablet=&#8220;center&#8220; align_phone=&#8220;&#8220; align_last_edited=&#8220;on|desktop&#8220; admin_label=&#8220;IMAGE &#8211; CE Multi entreprise&#8220; _builder_version=&#8220;4.8.1&#8243;]<\/p>\n<p>[\/et_pb_image][\/et_pb_column][et_pb_column type=&#8220;1_3&#8243; _builder_version=&#8220;3.25&#8243; custom_padding=&#8220;|||&#8220; custom_padding__hover=&#8220;|||&#8220;][et_pb_image src=&#8220;https:\/\/village-flottant-pressac.com\/wp-content\/uploads\/2018\/12\/departement-de-la-vienne-1.jpg&#8220; url=&#8220;http:\/\/www.lavienne86.fr\/&#8220; url_new_window=&#8220;on&#8220; align=&#8220;center&#8220; align_tablet=&#8220;center&#8220; align_phone=&#8220;&#8220; align_last_edited=&#8220;on|desktop&#8220; admin_label=&#8220;IMAGE &#8211; Le d\u00e9partement la Vienne&#8220; _builder_version=&#8220;4.8.1&#8243; module_alignment=&#8220;center&#8220;]<\/p>\n<p>[\/et_pb_image][et_pb_image src=&#8220;https:\/\/village-flottant-pressac.com\/wp-content\/uploads\/2018\/12\/availles-limouzine.jpg&#8220; url=&#8220;http:\/\/www.tourisme-availles-limouzine.fr\/&#8220; url_new_window=&#8220;on&#8220; align=&#8220;center&#8220; align_tablet=&#8220;center&#8220; align_phone=&#8220;&#8220; align_last_edited=&#8220;on|desktop&#8220; admin_label=&#8220;IMAGE &#8211; OFFICE DU TOURISME&#8220; _builder_version=&#8220;4.8.1&#8243;]<\/p>\n<p>[\/et_pb_image][\/et_pb_column][\/et_pb_row][\/et_pb_section][et_pb_section fb_built=&#8220;1&#8243; _builder_version=&#8220;3.22&#8243; background_color=&#8220;#f7f7f7&#8243; custom_padding=&#8220;30px|0px|30px|0px|true|false&#8220; background__hover_enabled=&#8220;on&#8220;][et_pb_row _builder_version=&#8220;3.25&#8243; background_size=&#8220;initial&#8220; background_position=&#8220;top_left&#8220; background_repeat=&#8220;repeat&#8220;][et_pb_column type=&#8220;4_4&#8243; _builder_version=&#8220;3.25&#8243; custom_padding=&#8220;|||&#8220; custom_padding__hover=&#8220;|||&#8220;][et_pb_text admin_label=&#8220;TITRE &#8211; Partenaires professionnels&#8220; _builder_version=&#8220;4.9.6&#8243; header_2_font=&#8220;|||on|||||&#8220; header_2_text_align=&#8220;center&#8220; header_2_text_color=&#8220;#1e6262&#8243; header_2_font_size=&#8220;28px&#8220; header_2_letter_spacing=&#8220;2px&#8220; hover_enabled=&#8220;0&#8243; sticky_enabled=&#8220;0&#8243;]<\/p>\n<h2 class=\"p1\"><span class=\"s1\">PROFESSIONELLE PARTNER<\/span><\/h2>\n<p>[\/et_pb_text][\/et_pb_column][\/et_pb_row][et_pb_row column_structure=&#8220;1_4,1_4,1_4,1_4&#8243; _builder_version=&#8220;3.25&#8243;][et_pb_column type=&#8220;1_4&#8243; _builder_version=&#8220;3.25&#8243; custom_padding=&#8220;|||&#8220; custom_padding__hover=&#8220;|||&#8220;][et_pb_image src=&#8220;https:\/\/village-flottant-pressac.com\/wp-content\/uploads\/2018\/12\/cabanes-com.jpg&#8220; url=&#8220;https:\/\/www.les-cabanes.com\/&#8220; url_new_window=&#8220;on&#8220; align=&#8220;center&#8220; align_tablet=&#8220;center&#8220; align_phone=&#8220;&#8220; align_last_edited=&#8220;on|desktop&#8220; admin_label=&#8220;IMAGE &#8211; LES CABANES .COM&#8220; _builder_version=&#8220;4.8.1&#8243;]<\/p>\n<p>[\/et_pb_image][\/et_pb_column][et_pb_column type=&#8220;1_4&#8243; _builder_version=&#8220;3.25&#8243; custom_padding=&#8220;|||&#8220; custom_padding__hover=&#8220;|||&#8220;][et_pb_image src=&#8220;https:\/\/village-flottant-pressac.com\/wp-content\/uploads\/2018\/12\/vivaweek-1.jpg&#8220; url=&#8220;https:\/\/www.vivaweek.com\/fr\/&#8220; url_new_window=&#8220;on&#8220; align=&#8220;center&#8220; align_tablet=&#8220;center&#8220; align_phone=&#8220;&#8220; align_last_edited=&#8220;on|desktop&#8220; admin_label=&#8220;IMAGE &#8211; VIVAWEEK&#8220; _builder_version=&#8220;4.8.1&#8243;]<\/p>\n<p>[\/et_pb_image][\/et_pb_column][et_pb_column type=&#8220;1_4&#8243; _builder_version=&#8220;3.25&#8243; custom_padding=&#8220;|||&#8220; custom_padding__hover=&#8220;|||&#8220;][et_pb_image src=&#8220;https:\/\/village-flottant-pressac.com\/wp-content\/uploads\/2020\/02\/c2bA_2020_winner.png&#8220; url=&#8220;https:\/\/www.camping2be.com\/4145&#8243; url_new_window=&#8220;on&#8220; align=&#8220;center&#8220; align_tablet=&#8220;center&#8220; align_phone=&#8220;&#8220; align_last_edited=&#8220;on|desktop&#8220; _builder_version=&#8220;4.0.9&#8243; width=&#8220;75%&#8220; module_alignment=&#8220;center&#8220;]<\/p>\n<p>[\/et_pb_image][\/et_pb_column][et_pb_column type=&#8220;1_4&#8243; _builder_version=&#8220;4.0.9&#8243;][et_pb_image src=&#8220;https:\/\/village-flottant-pressac.com\/wp-content\/uploads\/2020\/01\/MEMBER_OF_GLAMPING_GUIDE_2020.png&#8220; url=&#8220;https:\/\/www.vivaweek.com\/fr\/&#8220; url_new_window=&#8220;on&#8220; align=&#8220;center&#8220; align_tablet=&#8220;center&#8220; align_phone=&#8220;&#8220; align_last_edited=&#8220;on|desktop&#8220; admin_label=&#8220;IMAGE &#8211; GLAMPING GUIDE&#8220; _builder_version=&#8220;4.8.1&#8243;]<\/p>\n<p>[\/et_pb_image][\/et_pb_column][\/et_pb_row][\/et_pb_section]<\/p>\n","protected":false},"excerpt":{"rendered":"<p>Je cherche :PARTNER: REFERENZEN, KUNDEN, FREUNDE, FREIZEITWELT PROFESSIONELLE PARTNER<\/p>\n","protected":false},"author":9,"featured_media":0,"parent":0,"menu_order":0,"comment_status":"closed","ping_status":"closed","template":"","meta":{"_acf_changed":false,"_et_pb_use_builder":"on","_et_pb_old_content":"","_et_gb_content_width":"","inline_featured_image":false,"footnotes":""},"class_list":["post-69885","page","type-page","status-publish","hentry"],"acf":[],"aioseo_notices":[],"_links":{"self":[{"href":"https:\/\/village-flottant-pressac.com\/de\/wp-json\/wp\/v2\/pages\/69885","targetHints":{"allow":["GET"]}}],"collection":[{"href":"https:\/\/village-flottant-pressac.com\/de\/wp-json\/wp\/v2\/pages"}],"about":[{"href":"https:\/\/village-flottant-pressac.com\/de\/wp-json\/wp\/v2\/types\/page"}],"author":[{"embeddable":true,"href":"https:\/\/village-flottant-pressac.com\/de\/wp-json\/wp\/v2\/users\/9"}],"replies":[{"embeddable":true,"href":"https:\/\/village-flottant-pressac.com\/de\/wp-json\/wp\/v2\/comments?post=69885"}],"version-history":[{"count":0,"href":"https:\/\/village-flottant-pressac.com\/de\/wp-json\/wp\/v2\/pages\/69885\/revisions"}],"wp:attachment":[{"href":"https:\/\/village-flottant-pressac.com\/de\/wp-json\/wp\/v2\/media?parent=69885"}],"curies":[{"name":"wp","href":"https:\/\/api.w.org\/{rel}","templated":true}]}}