{"id":69831,"date":"2018-11-12T16:38:27","date_gmt":"2018-11-12T15:38:27","guid":{"rendered":"https:\/\/village-flottant-pressac-com.jda2.creatiwity.net\/actualites\/"},"modified":"2025-12-08T11:48:24","modified_gmt":"2025-12-08T10:48:24","slug":"actualites","status":"publish","type":"page","link":"https:\/\/village-flottant-pressac.com\/de\/actualites\/","title":{"rendered":"Actualit\u00e9s DE"},"content":{"rendered":"<p>[et_pb_section fb_built=&#8220;1&#8243; fullwidth=&#8220;on&#8220; _builder_version=&#8220;4.16&#8243; global_colors_info=&#8220;{}&#8220;][et_pb_fullwidth_slider show_arrows=&#8220;off&#8220; _builder_version=&#8220;4.16&#8243; global_colors_info=&#8220;{}&#8220;][et_pb_slide use_bg_overlay=&#8220;off&#8220; use_text_overlay=&#8220;off&#8220; admin_title=&#8220;SLIDE1&#8243; _builder_version=&#8220;4.16&#8243; header_font=&#8220;News Cycle||||||||&#8220; header_text_align=&#8220;center&#8220; header_text_color=&#8220;#ffffff&#8220; background_color=&#8220;#ffffff&#8220; background_image=&#8220;https:\/\/village-flottant-pressac.com\/wp-content\/uploads\/2019\/01\/FBDSC_0440.jpg&#8220; button_on_hover=&#8220;on&#8220; custom_padding=&#8220;200px||200px||true&#8220; custom_padding_tablet=&#8220;200px||200px||true&#8220; custom_padding_phone=&#8220;200px||200px||true&#8220; header_text_shadow_style=&#8220;preset1&#8243; header_text_shadow_blur_strength=&#8220;2em&#8220; header_text_shadow_color=&#8220;#1e6262&#8243; global_colors_info=&#8220;{}&#8220; sticky_transition=&#8220;on&#8220;][\/et_pb_slide][\/et_pb_fullwidth_slider][\/et_pb_section][et_pb_section fb_built=&#8220;1&#8243; disabled_on=&#8220;off|off|off&#8220; _builder_version=&#8220;4.16&#8243; background_color=&#8220;rgba(0,0,0,0)&#8220; custom_margin=&#8220;||&#8220; custom_padding=&#8220;1px||1px||true|true&#8220; custom_css_main_element=&#8220;    z-index: 10000;||&#8220; global_colors_info=&#8220;{}&#8220;][et_pb_row _builder_version=&#8220;4.16&#8243; background_color=&#8220;rgba(30,98,99,0.8)&#8220; max_width=&#8220;300px&#8220; module_alignment=&#8220;right&#8220; custom_margin=&#8220;-250px||153px|&#8220; custom_margin_tablet=&#8220;&#8220; custom_margin_phone=&#8220;-250px||&#8220; custom_margin_last_edited=&#8220;on|phone&#8220; custom_padding=&#8220;2px||2px||true|false&#8220; use_custom_width=&#8220;on&#8220; custom_width_px=&#8220;300px&#8220; locked=&#8220;off&#8220; global_colors_info=&#8220;{}&#8220;][et_pb_column type=&#8220;4_4&#8243; _builder_version=&#8220;4.16&#8243; custom_padding=&#8220;|||&#8220; global_colors_info=&#8220;{}&#8220; custom_padding__hover=&#8220;|||&#8220;][et_pb_text _builder_version=&#8220;4.17.3&#8243; text_font=&#8220;||||||||&#8220; text_text_color=&#8220;#ffffff&#8220; text_font_size=&#8220;26px&#8220; header_font=&#8220;News Cycle||||||||&#8220; header_text_color=&#8220;#ffffff&#8220; header_font_size=&#8220;23px&#8220; text_orientation=&#8220;center&#8220; custom_padding=&#8220;20px||10px||false&#8220; hover_enabled=&#8220;0&#8243; global_colors_info=&#8220;{}&#8220; sticky_enabled=&#8220;0&#8243;]<\/p>\n<h1>AKTUELLES<\/h1>\n<p>[\/et_pb_text][\/et_pb_column][\/et_pb_row][\/et_pb_section][et_pb_section fb_built=&#8220;1&#8243; disabled_on=&#8220;off|off|off&#8220; module_id=&#8220;form_gene&#8220; _builder_version=&#8220;4.16&#8243; background_color=&#8220;rgba(0,0,0,0)&#8220; custom_margin=&#8220;||&#8220; custom_padding=&#8220;1px||1px||true|true&#8220; z_index_tablet=&#8220;500&#8243; custom_css_main_element=&#8220; z-index: 100;||&#8220; saved_tabs=&#8220;all&#8220; locked=&#8220;off&#8220; collapsed=&#8220;off&#8220; global_colors_info=&#8220;{}&#8220;][et_pb_row column_structure=&#8220;1_5,1_5,3_5&#8243; use_custom_gutter=&#8220;on&#8220; gutter_width=&#8220;1&#8243; disabled_on=&#8220;on|on|on&#8220; module_class=&#8220;form_nova&#8220; _builder_version=&#8220;4.16&#8243; background_color=&#8220;#ffffff&#8220; custom_margin=&#8220;-85px||||false|false&#8220; custom_padding=&#8220;20px|20px|20px|20px|true|true&#8220; disabled=&#8220;on&#8220; collapsed=&#8220;on&#8220; global_colors_info=&#8220;{}&#8220;][et_pb_column type=&#8220;1_5&#8243; _builder_version=&#8220;4.16&#8243; custom_padding=&#8220;|0px||&#8220; custom_css_main_element=&#8220;width:15% !important;&#8220; global_colors_info=&#8220;{}&#8220; custom_padding__hover=&#8220;|||&#8220;][et_pb_text _builder_version=&#8220;4.16&#8243; text_text_color=&#8220;#39a09b&#8220; global_colors_info=&#8220;{}&#8220;]<\/p>\n<p>Je cherche :<\/p>\n<p>[\/et_pb_text][\/et_pb_column][et_pb_column type=&#8220;1_5&#8243; _builder_version=&#8220;4.16&#8243; custom_padding=&#8220;|0px||&#8220; custom_css_main_element=&#8220;width:30%!important;&#8220; global_colors_info=&#8220;{}&#8220; custom_padding__hover=&#8220;|||&#8220;][et_pb_code module_id=&#8220;form_general_tous&#8220; module_class=&#8220;code_form_general_novaresa &#8220; _builder_version=&#8220;4.16&#8243; global_colors_info=&#8220;{}&#8220;]<\/p>\n<div class=\"select-form-general\"><!-- [et_pb_line_break_holder] --><select id=\"select\" class=\"design_select_form_novaresa\"><!-- [et_pb_line_break_holder] --><option id=\"1\" name=\"tous\" value=\"tous\">Tous<\/option><!-- [et_pb_line_break_holder] --><option id=\"2\" name=\"lodges\" value=\"lodges\">Lodges<\/option><!-- [et_pb_line_break_holder] --><option id=\"3\" name=\"cabanes duo\" value=\"cabanes duo\">Cabanes DUO (2-3 pers. max)<\/option><!-- [et_pb_line_break_holder] --><option id=\"4\" name=\"cabanes familiales\" value=\"cabanes familiales\">Cabanes FAMILIALES (4 pers. min)<\/option><!-- [et_pb_line_break_holder] --><option id=\"5\" name=\"tentes safaris\" value=\"tentes safaris\">Tentes Safari<\/option><!-- [et_pb_line_break_holder] -->  <\/select><!-- [et_pb_line_break_holder] --><\/div>\n<p>[\/et_pb_code][\/et_pb_column][et_pb_column type=&#8220;3_5&#8243; _builder_version=&#8220;4.16&#8243; custom_padding=&#8220;|||&#8220; custom_css_main_element=&#8220;width:55%!important;&#8220; global_colors_info=&#8220;{}&#8220; custom_padding__hover=&#8220;|||&#8220;][et_pb_code module_id=&#8220;formtous&#8220; module_class=&#8220;code_form_general_novaresa&#8220; _builder_version=&#8220;4.16&#8243; global_colors_info=&#8220;{}&#8220;]<\/p>\n<form id=\"form1\" class=\"form_general_novaresa\" method=\"get\" action=\"https:\/\/village-flottant-pressac.com\/reservation\/\"><!-- [et_pb_line_break_holder] -->  <input placeholder=\"Arriv\u00e9e\" type=\"text\" class=\"design_form_novaresa picto_reservation date\" id=\"from\"name=\"date_from\" required=\"Mettre la date d'arriv\u00e9e\"\/><!-- [et_pb_line_break_holder] -->  <input placeholder=\"D\u00e9part\" type=\"text\" class=\"design_form_novaresa picto_reservation date\" id=\"to\" name=\"date_to\" required=\"Mettre la date de d\u00e9part\"\/><!-- [et_pb_line_break_holder] -->   <input class=\"button_submit design_form_button_novaresa\" type=\"submit\" value=\"Rechercher\" \/><!-- [et_pb_line_break_holder] --><\/form>\n<p>[\/et_pb_code][et_pb_code module_id=&#8220;formlodge&#8220; module_class=&#8220;code_form_general_novaresa&#8220; _builder_version=&#8220;4.16&#8243; global_colors_info=&#8220;{}&#8220;]<\/p>\n<form id=\"form2\" class=\"form_general_novaresa\" method=\"get\" action=\"https:\/\/village-flottant-pressac.com\/reservation-lodges\/\"><!-- [et_pb_line_break_holder] -->  <input placeholder=\"Arriv\u00e9e\" type=\"text\" class=\"design_form_novaresa picto_reservation date\" id=\"fromcab\" name=\"date_from\" required=\"Mettre la date d'arriv\u00e9e\"\/><!-- [et_pb_line_break_holder] -->  <input placeholder=\"D\u00e9part\" type=\"text\" class=\"design_form_novaresa picto_reservation date\" id=\"tocab\" name=\"date_to\" required=\"Mettre la date de d\u00e9part\"\/><!-- [et_pb_line_break_holder] -->  <input class=\"button_submit design_form_button_novaresa\" type=\"submit\" value=\"Rechercher\" \/><!-- [et_pb_line_break_holder] --><\/form>\n<p>[\/et_pb_code][et_pb_code module_id=&#8220;formcab&#8220; module_class=&#8220;code_form_general_novaresa&#8220; _builder_version=&#8220;4.16&#8243; global_colors_info=&#8220;{}&#8220;]<\/p>\n<form id=\"form3\" class=\"form_general_novaresa\" method=\"get\" action=\"https:\/\/village-flottant-pressac.com\/reservation-cabanes-duo\/\"><!-- [et_pb_line_break_holder] -->  <input placeholder=\"Arriv\u00e9e\" type=\"text\" class=\"design_form_novaresa picto_reservation date\" id=\"fromlodge\" name=\"date_from\" required=\"Mettre la date d'arriv\u00e9e\"\/><!-- [et_pb_line_break_holder] -->  <input placeholder=\"D\u00e9part\" type=\"text\" class=\"design_form_novaresa picto_reservation date\" id=\"tocabane\" name=\"date_to\" required=\"Mettre la date de d\u00e9part\"\/><!-- [et_pb_line_break_holder] -->  <input class=\"button_submit design_form_button_novaresa\" type=\"submit\" value=\"Rechercher\" \/><!-- [et_pb_line_break_holder] --><\/form>\n<p>[\/et_pb_code][et_pb_code module_id=&#8220;formfam&#8220; module_class=&#8220;code_form_general_novaresa&#8220; _builder_version=&#8220;4.16&#8243; global_colors_info=&#8220;{}&#8220;]<\/p>\n<form id=\"form4\" class=\"form_general_novaresa\" method=\"get\" action=\"https:\/\/village-flottant-pressac.com\/reservation-cabanes-familiales\/\"><!-- [et_pb_line_break_holder] -->  <input placeholder=\"Arriv\u00e9e\" type=\"text\" class=\"design_form_novaresa picto_reservation date\" id=\"fromfamiliales\" name=\"date_from\" required=\"Mettre la date d'arriv\u00e9e\"\/><!-- [et_pb_line_break_holder] -->  <input placeholder=\"D\u00e9part\" type=\"text\" class=\"design_form_novaresa picto_reservation date\" id=\"tofamiliales\" name=\"date_to\" required=\"Mettre la date de d\u00e9part\"\/><!-- [et_pb_line_break_holder] -->  <input class=\"button_submit design_form_button_novaresa\" type=\"submit\" value=\"Rechercher\" \/><!-- [et_pb_line_break_holder] --><\/form>\n<p>[\/et_pb_code][et_pb_code disabled_on=&#8220;off|off|off&#8220; module_id=&#8220;formtente&#8220; module_class=&#8220;code_form_general_novaresa&#8220; _builder_version=&#8220;4.16&#8243; global_colors_info=&#8220;{}&#8220;]<\/p>\n<form id=\"form5\" class=\"form_general_novaresa\" method=\"get\" action=\"https:\/\/village-flottant-pressac.com\/reservation-tentes\"><!-- [et_pb_line_break_holder] -->  <input placeholder=\"Arriv\u00e9e\" type=\"text\" class=\"design_form_novaresa picto_reservation date\" id=\"fromtente\" name=\"date_from\" required=\"Mettre la date d'arriv\u00e9e\"\/><!-- [et_pb_line_break_holder] -->  <input placeholder=\"D\u00e9part\" type=\"text\" class=\"design_form_novaresa picto_reservation date\" id=\"totente\" name=\"date_to\" required=\"Mettre la date de d\u00e9part\"\/><!-- [et_pb_line_break_holder] -->  <input class=\"button_submit design_form_button_novaresa\" type=\"submit\" value=\"Rechercher\" \/><!-- [et_pb_line_break_holder] --><\/form>\n<p>[\/et_pb_code][\/et_pb_column][\/et_pb_row][et_pb_row use_custom_gutter=&#8220;on&#8220; gutter_width=&#8220;1&#8243; disabled_on=&#8220;off|off|off&#8220; module_class=&#8220;form_nova&#8220; _builder_version=&#8220;4.17.3&#8243; background_color=&#8220;#ffffff&#8220; width=&#8220;100%&#8220; module_alignment=&#8220;center&#8220; custom_margin=&#8220;-45px||||false|false&#8220; custom_padding=&#8220;20px|20px|20px|20px|true|true&#8220; sticky_position=&#8220;bottom&#8220; sticky_limit_top=&#8220;body&#8220; global_colors_info=&#8220;{}&#8220;][et_pb_column type=&#8220;4_4&#8243; _builder_version=&#8220;4.16&#8243; custom_padding=&#8220;|0px||&#8220; global_colors_info=&#8220;{}&#8220; custom_padding__hover=&#8220;|||&#8220;][et_pb_button button_url=&#8220;https:\/\/www.sandaya.fr\/nos-campings\/village-flottant-de-pressac\/nos-locations#menu&#8220; url_new_window=&#8220;on&#8220; button_text=&#8220;Buchen Sie Ihren Aufenthalt im schwimmenden Dorf von Pressac&#8220; button_alignment=&#8220;center&#8220; disabled_on=&#8220;off|off|off&#8220; admin_label=&#8220;Bouton RESERVATION&#8220; _builder_version=&#8220;4.17.3&#8243; _module_preset=&#8220;default&#8220; hover_enabled=&#8220;0&#8243; global_colors_info=&#8220;{}&#8220; sticky_enabled=&#8220;0&#8243;][\/et_pb_button][et_pb_button button_url=&#8220;tel:0586160225&#8243; button_text=&#8220;R\u00e9server par t\u00e9l\u00e9phone au 05 86 16 02 25&#8243; button_alignment=&#8220;center&#8220; disabled_on=&#8220;on|on|on&#8220; _builder_version=&#8220;4.17.3&#8243; _module_preset=&#8220;default&#8220; disabled=&#8220;on&#8220; global_colors_info=&#8220;{}&#8220;][\/et_pb_button][\/et_pb_column][\/et_pb_row][\/et_pb_section][et_pb_section fb_built=&#8220;1&#8243; disabled_on=&#8220;on|on|on&#8220; _builder_version=&#8220;4.16&#8243; custom_margin=&#8220;||&#8220; custom_padding=&#8220;1px||1px||true|true&#8220; custom_css_main_element=&#8220;    z-index: 10000;||&#8220; disabled=&#8220;on&#8220; locked=&#8220;off&#8220; global_colors_info=&#8220;{}&#8220;][et_pb_row _builder_version=&#8220;4.16&#8243; background_color=&#8220;rgba(30,98,99,0.8)&#8220; max_width=&#8220;300px&#8220; module_alignment=&#8220;right&#8220; custom_margin=&#8220;-250px||153px|&#8220; custom_margin_tablet=&#8220;&#8220; custom_margin_phone=&#8220;-250px||&#8220; custom_margin_last_edited=&#8220;on|phone&#8220; custom_padding=&#8220;2px||2px||true|false&#8220; use_custom_width=&#8220;on&#8220; custom_width_px=&#8220;300px&#8220; global_colors_info=&#8220;{}&#8220;][et_pb_column type=&#8220;4_4&#8243; _builder_version=&#8220;4.16&#8243; custom_padding=&#8220;|||&#8220; global_colors_info=&#8220;{}&#8220; custom_padding__hover=&#8220;|||&#8220;][et_pb_text _builder_version=&#8220;4.17.3&#8243; text_font=&#8220;||||||||&#8220; text_text_color=&#8220;#ffffff&#8220; text_font_size=&#8220;26px&#8220; header_font=&#8220;News Cycle||||||||&#8220; header_text_color=&#8220;#ffffff&#8220; header_font_size=&#8220;23px&#8220; text_orientation=&#8220;center&#8220; custom_padding=&#8220;20px||10px||false&#8220; global_colors_info=&#8220;{}&#8220;]<\/p>\n<h1>ACTUALIT\u00c9S<\/h1>\n<p>[\/et_pb_text][\/et_pb_column][\/et_pb_row][\/et_pb_section][et_pb_section fb_built=&#8220;1&#8243; _builder_version=&#8220;4.16&#8243; custom_padding=&#8220;30px|0px|30px|0px|true|false&#8220; global_colors_info=&#8220;{}&#8220;][et_pb_row _builder_version=&#8220;4.16&#8243; background_size=&#8220;initial&#8220; background_position=&#8220;top_left&#8220; background_repeat=&#8220;repeat&#8220; global_colors_info=&#8220;{}&#8220;][et_pb_column type=&#8220;4_4&#8243; _builder_version=&#8220;4.16&#8243; custom_padding=&#8220;|||&#8220; global_colors_info=&#8220;{}&#8220; custom_padding__hover=&#8220;|||&#8220;][et_pb_image src=&#8220;https:\/\/village-flottant-pressac.com\/wp-content\/uploads\/2024\/12\/20241113_Plan_FLO_2025_Plan_interne-1.png&#8220; title_text=&#8220;20241113_Plan_FLO_2025_Plan_interne (1)&#8220; align_tablet=&#8220;center&#8220; align_phone=&#8220;&#8220; align_last_edited=&#8220;on|desktop&#8220; admin_label=&#8220;PLAN VILLAGE&#8220; _builder_version=&#8220;4.17.3&#8243; global_colors_info=&#8220;{}&#8220;]<br \/>\n[\/et_pb_image][\/et_pb_column][\/et_pb_row][\/et_pb_section][et_pb_section fb_built=&#8220;1&#8243; _builder_version=&#8220;4.16&#8243; custom_padding=&#8220;30px|0px|30px|0px|false|false&#8220; global_colors_info=&#8220;{}&#8220;][et_pb_row _builder_version=&#8220;4.16&#8243; background_size=&#8220;initial&#8220; background_position=&#8220;top_left&#8220; background_repeat=&#8220;repeat&#8220; custom_padding=&#8220;27px|0px|26px|0px|false|false&#8220; global_colors_info=&#8220;{}&#8220;][et_pb_column type=&#8220;4_4&#8243; _builder_version=&#8220;4.16&#8243; custom_padding=&#8220;|||&#8220; global_colors_info=&#8220;{}&#8220; custom_padding__hover=&#8220;|||&#8220;][et_pb_text admin_label=&#8220;TITRE &#8211; LES OFFRES DU MOMENT&#8220; _builder_version=&#8220;4.17.3&#8243; header_font=&#8220;||||||||&#8220; header_2_font=&#8220;|||on|||||&#8220; header_2_text_align=&#8220;center&#8220; header_2_text_color=&#8220;#1e6262&#8243; header_2_font_size=&#8220;28px&#8220; header_2_letter_spacing=&#8220;2px&#8220; global_colors_info=&#8220;{}&#8220;]<\/p>\n<h2 class=\"p1\"><span class=\"--l --r hover:bg-blue-100 hover:dark:bg-blue-600\">AKTUELLE<\/span> <span class=\"--l --r hover:bg-blue-100 hover:dark:bg-blue-600\">ANGEBOTE<\/span><\/h2>\n<p>[\/et_pb_text][\/et_pb_column][\/et_pb_row][et_pb_row _builder_version=&#8220;4.16&#8243; background_size=&#8220;initial&#8220; background_position=&#8220;top_left&#8220; background_repeat=&#8220;repeat&#8220; global_colors_info=&#8220;{}&#8220;][et_pb_column type=&#8220;4_4&#8243; _builder_version=&#8220;4.16&#8243; custom_padding=&#8220;|||&#8220; global_colors_info=&#8220;{}&#8220; custom_padding__hover=&#8220;|||&#8220;][et_pb_code _builder_version=&#8220;4.16&#8243; global_colors_info=&#8220;{}&#8220;]<!-- The Grid Plugin Version 2.8.1 --><div class=\"tg-error-msg\" data-grid-name=\"Offres du moment\">No post was found with your current grid settings.&#xa;You should verify if you have posts inside the current selected post type(s) and if the meta key filter is not too much restrictive.<\/div>[\/et_pb_code][\/et_pb_column][\/et_pb_row][\/et_pb_section][et_pb_section fb_built=&#8220;1&#8243; _builder_version=&#8220;4.16&#8243; background_color=&#8220;#f7f7f7&#8243; custom_padding=&#8220;30px|0px|30px|0px|true|false&#8220; global_colors_info=&#8220;{}&#8220;][et_pb_row _builder_version=&#8220;4.16&#8243; background_size=&#8220;initial&#8220; background_position=&#8220;top_left&#8220; background_repeat=&#8220;repeat&#8220; custom_padding=&#8220;27px|0px|26px|0px|false|false&#8220; global_colors_info=&#8220;{}&#8220;][et_pb_column type=&#8220;4_4&#8243; _builder_version=&#8220;4.16&#8243; custom_padding=&#8220;|||&#8220; global_colors_info=&#8220;{}&#8220; custom_padding__hover=&#8220;|||&#8220;][et_pb_text admin_label=&#8220;TITRE &#8211; Pr\u00e9sentation Videos&#8220; _builder_version=&#8220;4.17.3&#8243; header_font=&#8220;||||||||&#8220; header_2_font=&#8220;|||on|||||&#8220; header_2_text_align=&#8220;center&#8220; header_2_text_color=&#8220;#1e6262&#8243; header_2_font_size=&#8220;28px&#8220; header_2_letter_spacing=&#8220;2px&#8220; global_colors_info=&#8220;{}&#8220;]<\/p>\n<h2 class=\"p1\">VORSTELLUNGSVIDEOS<\/h2>\n<p>[\/et_pb_text][\/et_pb_column][\/et_pb_row][et_pb_row column_structure=&#8220;1_2,1_2&#8243; disabled_on=&#8220;on|on|on&#8220; _builder_version=&#8220;4.16&#8243; disabled=&#8220;on&#8220; global_colors_info=&#8220;{}&#8220;][et_pb_column type=&#8220;1_2&#8243; _builder_version=&#8220;4.16&#8243; custom_padding=&#8220;|||&#8220; global_colors_info=&#8220;{}&#8220; custom_padding__hover=&#8220;|||&#8220;][et_pb_video src=&#8220;https:\/\/www.youtube.com\/watch?v=2bNlVMFW2IA&#038;list=UUrcj6_GnxtbSN5NEK4A9Wnw&#038;index=4&#8243; image_src=&#8220;\/\/i.ytimg.com\/vi\/2bNlVMFW2IA\/hqdefault.jpg&#8220; play_icon_color=&#8220;#39a09b&#8220; _builder_version=&#8220;4.16&#8243; global_colors_info=&#8220;{}&#8220;]<br \/>\n[\/et_pb_video][et_pb_text _builder_version=&#8220;4.16&#8243; text_font=&#8220;||||||||&#8220; text_text_color=&#8220;#1e6263&#8243; global_colors_info=&#8220;{}&#8220;]<\/p>\n<p><strong>Retrouvez le Village Flottant de Pressac dans l\u2019\u00e9mission BOUGEZ VERT sur Ushua\u00efa TV\u00a0!<\/strong><\/p>\n<p>[\/et_pb_text][\/et_pb_column][et_pb_column type=&#8220;1_2&#8243; _builder_version=&#8220;4.16&#8243; custom_padding=&#8220;|||&#8220; global_colors_info=&#8220;{}&#8220; custom_padding__hover=&#8220;|||&#8220;][et_pb_video src=&#8220;https:\/\/www.youtube.com\/watch?v=fQbLs7nbYFk&#038;list=UUrcj6_GnxtbSN5NEK4A9Wnw&#038;index=5&#8243; image_src=&#8220;\/\/i.ytimg.com\/vi\/fQbLs7nbYFk\/hqdefault.jpg&#8220; play_icon_color=&#8220;#39a09b&#8220; _builder_version=&#8220;4.16&#8243; global_colors_info=&#8220;{}&#8220;]<br \/>\n[\/et_pb_video][et_pb_text _builder_version=&#8220;4.16&#8243; text_font=&#8220;||||||||&#8220; text_text_color=&#8220;#1e6263&#8243; global_colors_info=&#8220;{}&#8220;]<\/p>\n<p><strong>Retrouvez le Village Flottant de Pressac dans l\u2019\u00e9mission \u00ab\u00a0Tout Compte Fait\u00a0\u00bb sur France 2 !<\/strong><\/p>\n<p>[\/et_pb_text][\/et_pb_column][\/et_pb_row][et_pb_row column_structure=&#8220;1_2,1_2&#8243; _builder_version=&#8220;4.16&#8243; global_colors_info=&#8220;{}&#8220;][et_pb_column type=&#8220;1_2&#8243; _builder_version=&#8220;4.16&#8243; custom_padding=&#8220;|||&#8220; global_colors_info=&#8220;{}&#8220; custom_padding__hover=&#8220;|||&#8220;][et_pb_video src=&#8220;https:\/\/www.youtube.com\/watch?v=fcAT2EDgdTs&#038;index=3&#038;list=UUrcj6_GnxtbSN5NEK4A9Wnw&#8220; image_src=&#8220;\/\/i.ytimg.com\/vi\/fcAT2EDgdTs\/hqdefault.jpg&#8220; play_icon_color=&#8220;#39a09b&#8220; _builder_version=&#8220;4.16&#8243; global_colors_info=&#8220;{}&#8220;]<br \/>\n[\/et_pb_video][et_pb_text _builder_version=&#8220;4.17.3&#8243; text_font=&#8220;||||||||&#8220; text_text_color=&#8220;#1e6263&#8243; global_colors_info=&#8220;{}&#8220;]<\/p>\n<p><strong><span class=\"--l --r hover:bg-blue-100 hover:dark:bg-blue-600\">Sehen<\/span> <span class=\"--l --r hover:bg-blue-100 hover:dark:bg-blue-600\">Sie<\/span> <span class=\"--l --r hover:bg-blue-100 hover:dark:bg-blue-600\">das<\/span> <span class=\"--l --r hover:bg-blue-100 hover:dark:bg-blue-600\">Village<\/span> <span class=\"--l --r hover:bg-blue-100 hover:dark:bg-blue-600\">Flottant<\/span> <span class=\"--l --r hover:bg-blue-100 hover:dark:bg-blue-600\">de<\/span> <span class=\"--l --r hover:bg-blue-100 hover:dark:bg-blue-600\">Pressac<\/span> <span class=\"--l --r hover:bg-blue-100 hover:dark:bg-blue-600\">in<\/span> <span class=\"--l --r hover:bg-blue-100 hover:dark:bg-blue-600\">der<\/span> <span class=\"--l --r hover:bg-blue-100 hover:dark:bg-blue-600\">Sendung<\/span> <span class=\"--l --r hover:bg-blue-100 hover:dark:bg-blue-600\">AQUITAINE<\/span> <span class=\"--l --r hover:bg-blue-100 hover:dark:bg-blue-600\">LIMOUSIN<\/span> <span class=\"--l --r hover:bg-blue-100 hover:dark:bg-blue-600\">POITOU<\/span> <span class=\"--l --r hover:bg-blue-100 hover:dark:bg-blue-600\">CHARENTES<\/span>!<\/strong><\/p>\n<p>[\/et_pb_text][\/et_pb_column][et_pb_column type=&#8220;1_2&#8243; _builder_version=&#8220;4.16&#8243; custom_padding=&#8220;|||&#8220; global_colors_info=&#8220;{}&#8220; custom_padding__hover=&#8220;|||&#8220;][et_pb_video src=&#8220;https:\/\/www.youtube.com\/watch?v=cWAItP_xNok&#8220; image_src=&#8220;\/\/i.ytimg.com\/vi\/cWAItP_xNok\/hqdefault.jpg&#8220; play_icon_color=&#8220;#39a09b&#8220; thumbnail_overlay_color=&#8220;rgba(0,0,0,0.6)&#8220; _builder_version=&#8220;4.16&#8243; global_colors_info=&#8220;{}&#8220;]<br \/>\n[\/et_pb_video][et_pb_text _builder_version=&#8220;4.17.3&#8243; text_font=&#8220;||||||||&#8220; text_text_color=&#8220;#1e6263&#8243; global_colors_info=&#8220;{}&#8220;]<\/p>\n<p><strong><span class=\"--l --r hover:bg-blue-100 hover:dark:bg-blue-600\">Ein<\/span> <span class=\"--l --r hover:bg-blue-100 hover:dark:bg-blue-600\">dynamischer<\/span> <span class=\"--l --r hover:bg-blue-100 hover:dark:bg-blue-600\">Tag<\/span> <span class=\"--l --r hover:bg-blue-100 hover:dark:bg-blue-600\">im<\/span> <span class=\"--l --r hover:bg-blue-100 hover:dark:bg-blue-600\">schwimmenden<\/span> <span class=\"--l --r hover:bg-blue-100 hover:dark:bg-blue-600\">Dorf<\/span> <span class=\"--l --r hover:bg-blue-100 hover:dark:bg-blue-600\">von<\/span> <span class=\"--l --r hover:bg-blue-100 hover:dark:bg-blue-600\">Pressac<\/span><\/strong><\/p>\n<p>[\/et_pb_text][\/et_pb_column][\/et_pb_row][\/et_pb_section]<\/p>\n","protected":false},"excerpt":{"rendered":"<p>AKTUELLESJe cherche :ACTUALIT\u00c9S AKTUELLE ANGEBOTE<!-- The Grid Plugin Version 2.8.1 --><div class=\"tg-error-msg\" data-grid-name=\"Offres du moment\">No post was found with your current grid settings.&#xa;You should verify if you have posts inside the current selected post type(s) and if the meta key filter is not too much restrictive.<\/div>VORSTELLUNGSVIDEOS Retrouvez le Village Flottant de Pressac dans l\u2019\u00e9mission BOUGEZ VERT sur Ushua\u00efa TV\u00a0! Retrouvez le Village Flottant de Pressac dans l\u2019\u00e9mission \u00ab\u00a0Tout Compte Fait\u00a0\u00bb sur France 2 ! Sehen Sie das Village Flottant de Pressac in der Sendung AQUITAINE LIMOUSIN POITOU CHARENTES! Ein dynamischer Tag im schwimmenden Dorf von Pressac<\/p>\n","protected":false},"author":9,"featured_media":0,"parent":0,"menu_order":0,"comment_status":"closed","ping_status":"closed","template":"","meta":{"_acf_changed":false,"_et_pb_use_builder":"on","_et_pb_old_content":"","_et_gb_content_width":"","inline_featured_image":false,"footnotes":""},"class_list":["post-69831","page","type-page","status-publish","hentry"],"acf":[],"aioseo_notices":[],"_links":{"self":[{"href":"https:\/\/village-flottant-pressac.com\/de\/wp-json\/wp\/v2\/pages\/69831","targetHints":{"allow":["GET"]}}],"collection":[{"href":"https:\/\/village-flottant-pressac.com\/de\/wp-json\/wp\/v2\/pages"}],"about":[{"href":"https:\/\/village-flottant-pressac.com\/de\/wp-json\/wp\/v2\/types\/page"}],"author":[{"embeddable":true,"href":"https:\/\/village-flottant-pressac.com\/de\/wp-json\/wp\/v2\/users\/9"}],"replies":[{"embeddable":true,"href":"https:\/\/village-flottant-pressac.com\/de\/wp-json\/wp\/v2\/comments?post=69831"}],"version-history":[{"count":4,"href":"https:\/\/village-flottant-pressac.com\/de\/wp-json\/wp\/v2\/pages\/69831\/revisions"}],"predecessor-version":[{"id":82640,"href":"https:\/\/village-flottant-pressac.com\/de\/wp-json\/wp\/v2\/pages\/69831\/revisions\/82640"}],"wp:attachment":[{"href":"https:\/\/village-flottant-pressac.com\/de\/wp-json\/wp\/v2\/media?parent=69831"}],"curies":[{"name":"wp","href":"https:\/\/api.w.org\/{rel}","templated":true}]}}